{"id":30,"date":"2021-04-06T13:48:23","date_gmt":"2021-04-06T13:48:23","guid":{"rendered":"https:\/\/kudammtest.de\/?page_id=30"},"modified":"2021-04-12T11:59:34","modified_gmt":"2021-04-12T09:59:34","slug":"wir-sind-bald-fuer-sie-da","status":"publish","type":"page","link":"https:\/\/kudammtest.de\/en\/wir-sind-bald-fuer-sie-da","title":{"rendered":"Wir sind bald f\u00fcr Sie da"},"content":{"rendered":"<h2>CORONA TESTZENTRUM<\/h2>\n<h2>Covid-19<\/h2>\n<h2>CORONA TESTZENTRUM<\/h2>\n<h2>Covid-19<\/h2>\n<p>\t\t\t\t\t<a href=\"mailto:info@kudammtest.de\" target=\"_blank\" rel=\"noopener\"><br \/>\n\t\t\t\t\t\tMail-bulk<br \/>\n\t\t\t\t\t\t\t\t\t\t\t<\/a><br \/>\n\t\t\t\t\t<a href=\"mailto:info@kudammtest.de\" target=\"_blank\" rel=\"noopener\"><br \/>\n\t\t\t\t\t\tMail-bulk<br \/>\n\t\t\t\t\t\t\t\t\t\t\t<\/a><\/p>\n<h2>BERLIN KU&#8217;DAMM<\/h2>\n<p>Bei uns k\u00f6nnen Sie demn\u00e4chst kostenlose B\u00fcrgertests durchf\u00fchren<\/p>\n<h2>24\/7<\/h2>\n<p>\t\t\t<svg xmlns:dc=\"http:\/\/purl.org\/dc\/elements\/1.1\/\" xmlns:cc=\"http:\/\/creativecommons.org\/ns#\" xmlns:rdf=\"http:\/\/www.w3.org\/1999\/02\/22-rdf-syntax-ns#\" xmlns:svg=\"http:\/\/www.w3.org\/2000\/svg\" xmlns=\"http:\/\/www.w3.org\/2000\/svg\" xmlns:sodipodi=\"http:\/\/sodipodi.sourceforge.net\/DTD\/sodipodi-0.dtd\" xmlns:inkscape=\"http:\/\/www.inkscape.org\/namespaces\/inkscape\" width=\"264.23099mm\" height=\"235.38699mm\" viewbox=\"0 0 264.23099 235.38699\" id=\"svg8\" inkscape:version=\"1.0.2 (e86c8708, 2021-01-15)\" sodipodi:docname=\"Testkit.svg\"><defs id=\"defs2\"><\/defs><metadata><\/metadata><g inkscape:label=\"Ebene 1\" inkscape:groupmode=\"layer\" id=\"layer1\"><path style=\"display:inline;stroke-width:0.256554\" d=\"m 30.428892,232.60315 c -4.473794,-1.2033 -8.577209,-5.06365 -10.017079,-9.42376 -1.828383,-5.53656 -0.733234,-11.3002 2.946393,-15.50658 0.755876,-0.86407 5.491855,-4.49501 13.403997,-10.27644 6.729327,-4.91715 49.063552,-35.82236 94.076017,-68.67826 45.01249,-32.855922 86.32854,-63.016383 91.81343,-67.023269 5.48488,-4.006886 10.25469,-7.392523 10.59958,-7.52365 0.95309,-0.36236 2.34003,-0.285961 3.32913,0.183391 0.73153,0.347146 1.96892,2.03868 6.99096,9.556658 3.35614,5.024182 6.30239,9.522945 6.54721,9.997271 0.56738,1.09923 0.56933,2.813114 0.005,4.003298 -0.52491,1.106163 -0.0576,0.746974 -17.4327,13.398266 -7.47856,5.44533 -21.21706,15.464365 -30.52999,22.264485 -9.313,6.80011 -27.87152,20.34926 -41.24122,30.10923 -49.97729,36.48373 -73.30987,53.51713 -96.003898,70.08533 -12.834179,9.36981 -23.920564,17.35328 -24.636441,17.741 -2.684431,1.45395 -6.807142,1.91144 -9.850007,1.09303 z m 6.895226,-6.22978 c 0.634969,-0.30385 17.952405,-12.82038 38.483181,-27.81454 76.849191,-56.12494 101.773781,-74.32393 131.997291,-96.37937 17.0737,-12.459445 31.20467,-22.805227 31.40219,-22.990625 0.30382,-0.285205 -0.3624,-1.435487 -4.32825,-7.473063 -2.57805,-3.924778 -4.83434,-7.292768 -5.01397,-7.484401 -0.27106,-0.289122 -1.93594,0.827194 -9.78226,6.559069 -5.20059,3.799127 -16.78666,12.260686 -25.74683,18.803471 -19.65056,14.349009 -35.14096,25.661579 -50.34883,36.769529 -6.24389,4.56059 -23.82108,17.3964 -39.06042,28.52401 -15.239318,11.12762 -32.787649,23.94222 -38.996272,28.47691 -6.208624,4.53468 -17.1186,12.49426 -24.2444,17.68797 -7.12581,5.1937 -13.337982,9.80383 -13.804842,10.24473 -0.466859,0.44091 -1.217275,1.54963 -1.667603,2.46385 -0.758696,1.54023 -0.818088,1.85084 -0.809409,4.23315 0.01096,3.00882 0.463436,4.28013 2.190014,6.15323 2.006003,2.17625 3.969118,3.00648 6.780031,2.86736 1.15421,-0.0571 2.208389,-0.28625 2.950379,-0.64128 z M 244.24436,77.378023 c 0.34778,-0.227888 0.63236,-0.508923 0.63236,-0.624535 0,-0.190828 -10.83733,-16.750249 -11.30205,-17.269528 -0.24917,-0.278417 -1.53984,0.631207 -1.45795,1.027534 0.06,0.290615 11.28162,17.261615 11.42211,17.274279 0.0402,0.0039 0.35772,-0.179861 0.70553,-0.40775 z M 7.9199902,188.26052 c -1.1509501,-0.7087 -2.0434205,-1.75865 -2.8633123,-3.36854 -1.0773448,-2.11545 -0.9882433,-3.72209 0.3035117,-5.47297 1.8669732,-2.53053 11.2986594,-8.59146 19.9058614,-12.79175 2.187134,-1.06732 4.384576,-2.21054 4.883212,-2.5405 0.498635,-0.32996 1.422231,-0.69722 2.052439,-0.81613 0.945588,-0.1784 8.251831,-5.16991 41.809719,-28.56366 22.36514,-15.5911 61.502509,-42.875347 86.971959,-60.63162 25.46945,-17.756276 47.47778,-33.097469 48.90738,-34.09153 l 2.5993,-1.807398 0.13566,-1.293646 c 0.0747,-0.711504 0.44419,-2.002434 0.82129,-2.868734 0.62496,-1.435729 0.88239,-1.711693 2.90924,-3.118643 2.86561,-1.989179 3.53557,-2.727261 3.70458,-4.081239 0.074,-0.593089 0.36828,-1.406514 0.65389,-1.807611 0.4858,-0.68225 27.50626,-19.7253449 28.57094,-20.135829 1.18661,-0.4575026 1.88436,0.2903632 6.61641,7.091514 2.54345,3.655601 4.62447,6.891369 4.62447,7.190585 0,0.299226 -0.17864,0.799102 -0.39699,1.110846 -0.35946,0.513181 -26.59057,19.030207 -28.05883,19.80724 -0.41097,0.217493 -1.18857,0.282102 -2.309,0.191856 -2.03822,-0.164192 -2.47268,5.14e-4 -5.52161,2.091662 l -2.29295,1.572742 h -2.09433 c -1.15188,0 -2.445,-0.122245 -2.87358,-0.271649 -0.8503,-0.296424 9.27014,-7.285319 -122.571748,84.644784 -13.263871,9.24857 -31.617229,22.04435 -40.785249,28.43506 -12.364692,8.61901 -16.775971,11.82612 -17.082896,12.41964 -0.395668,0.76513 -1.247209,1.56914 -7.93809,7.49501 -4.958583,4.39164 -11.4921,9.31465 -14.700533,11.0769 -2.370166,1.30181 -4.4340864,1.48596 -5.9807438,0.53361 z M 12.745216,186.109 c 2.104063,-1.09549 5.151136,-3.21684 9.01719,-6.27767 5.160495,-4.08567 12.774536,-11.04455 13.097858,-11.97083 0.171968,-0.49268 22.745234,-16.35036 89.499606,-62.87333 49.09831,-34.217985 89.39683,-62.293581 89.55226,-62.390236 0.28942,-0.179968 0.0434,-0.817235 -0.70124,-1.816465 -0.30772,-0.412937 -8.23852,5.057052 -89.94396,62.035731 -49.283542,34.36874 -89.7496,62.43367 -89.924545,62.36654 -0.413926,-0.15883 -9.533881,4.33771 -13.96532,6.88552 -7.010451,4.03059 -11.8994305,7.5458 -12.7308409,9.15357 -0.5341058,1.03284 -0.325523,2.1122 0.7103874,3.67613 0.8705467,1.3143 2.0451281,2.18416 2.9513375,2.1857 0.309892,5.2e-4 1.406659,-0.43807 2.437267,-0.97466 z M 227.25023,38.860213 c 0.16531,-0.299895 -6.32912,-9.410977 -6.61792,-9.28433 -0.54364,0.238399 -0.12268,1.020203 2.78886,5.179451 2.70593,3.86552 3.49482,4.711233 3.82906,4.104879 z m 31.48043,-19.548332 c 0,-0.43041 -8.74074,-12.7134103 -9.04702,-12.7134103 -0.17448,0 -0.2909,0.1367117 -0.25873,0.3037929 0.0322,0.1670813 2.03812,3.1378034 4.45764,6.6016064 3.8397,5.496917 4.84811,6.70501 4.84811,5.808011 z\" id=\"path919\" sodipodi:nodetypes=\"sssssssssscssssssssssssssssssssssssssssscssssssssssccssssssssssscssssssssssssssssssssssssssssss\"><\/path><\/g><\/svg><br \/>\n\t\t\t<svg xmlns:dc=\"http:\/\/purl.org\/dc\/elements\/1.1\/\" xmlns:cc=\"http:\/\/creativecommons.org\/ns#\" xmlns:rdf=\"http:\/\/www.w3.org\/1999\/02\/22-rdf-syntax-ns#\" xmlns:svg=\"http:\/\/www.w3.org\/2000\/svg\" xmlns=\"http:\/\/www.w3.org\/2000\/svg\" xmlns:sodipodi=\"http:\/\/sodipodi.sourceforge.net\/DTD\/sodipodi-0.dtd\" xmlns:inkscape=\"http:\/\/www.inkscape.org\/namespaces\/inkscape\" width=\"264.23099mm\" height=\"235.38699mm\" viewbox=\"0 0 264.23099 235.38699\" id=\"svg8\" inkscape:version=\"1.0.2 (e86c8708, 2021-01-15)\" sodipodi:docname=\"Testkit.svg\"><defs id=\"defs2\"><\/defs><metadata><\/metadata><g inkscape:label=\"Ebene 1\" inkscape:groupmode=\"layer\" id=\"layer1\"><path style=\"display:inline;stroke-width:0.256554\" d=\"m 30.428892,232.60315 c -4.473794,-1.2033 -8.577209,-5.06365 -10.017079,-9.42376 -1.828383,-5.53656 -0.733234,-11.3002 2.946393,-15.50658 0.755876,-0.86407 5.491855,-4.49501 13.403997,-10.27644 6.729327,-4.91715 49.063552,-35.82236 94.076017,-68.67826 45.01249,-32.855922 86.32854,-63.016383 91.81343,-67.023269 5.48488,-4.006886 10.25469,-7.392523 10.59958,-7.52365 0.95309,-0.36236 2.34003,-0.285961 3.32913,0.183391 0.73153,0.347146 1.96892,2.03868 6.99096,9.556658 3.35614,5.024182 6.30239,9.522945 6.54721,9.997271 0.56738,1.09923 0.56933,2.813114 0.005,4.003298 -0.52491,1.106163 -0.0576,0.746974 -17.4327,13.398266 -7.47856,5.44533 -21.21706,15.464365 -30.52999,22.264485 -9.313,6.80011 -27.87152,20.34926 -41.24122,30.10923 -49.97729,36.48373 -73.30987,53.51713 -96.003898,70.08533 -12.834179,9.36981 -23.920564,17.35328 -24.636441,17.741 -2.684431,1.45395 -6.807142,1.91144 -9.850007,1.09303 z m 6.895226,-6.22978 c 0.634969,-0.30385 17.952405,-12.82038 38.483181,-27.81454 76.849191,-56.12494 101.773781,-74.32393 131.997291,-96.37937 17.0737,-12.459445 31.20467,-22.805227 31.40219,-22.990625 0.30382,-0.285205 -0.3624,-1.435487 -4.32825,-7.473063 -2.57805,-3.924778 -4.83434,-7.292768 -5.01397,-7.484401 -0.27106,-0.289122 -1.93594,0.827194 -9.78226,6.559069 -5.20059,3.799127 -16.78666,12.260686 -25.74683,18.803471 -19.65056,14.349009 -35.14096,25.661579 -50.34883,36.769529 -6.24389,4.56059 -23.82108,17.3964 -39.06042,28.52401 -15.239318,11.12762 -32.787649,23.94222 -38.996272,28.47691 -6.208624,4.53468 -17.1186,12.49426 -24.2444,17.68797 -7.12581,5.1937 -13.337982,9.80383 -13.804842,10.24473 -0.466859,0.44091 -1.217275,1.54963 -1.667603,2.46385 -0.758696,1.54023 -0.818088,1.85084 -0.809409,4.23315 0.01096,3.00882 0.463436,4.28013 2.190014,6.15323 2.006003,2.17625 3.969118,3.00648 6.780031,2.86736 1.15421,-0.0571 2.208389,-0.28625 2.950379,-0.64128 z M 244.24436,77.378023 c 0.34778,-0.227888 0.63236,-0.508923 0.63236,-0.624535 0,-0.190828 -10.83733,-16.750249 -11.30205,-17.269528 -0.24917,-0.278417 -1.53984,0.631207 -1.45795,1.027534 0.06,0.290615 11.28162,17.261615 11.42211,17.274279 0.0402,0.0039 0.35772,-0.179861 0.70553,-0.40775 z M 7.9199902,188.26052 c -1.1509501,-0.7087 -2.0434205,-1.75865 -2.8633123,-3.36854 -1.0773448,-2.11545 -0.9882433,-3.72209 0.3035117,-5.47297 1.8669732,-2.53053 11.2986594,-8.59146 19.9058614,-12.79175 2.187134,-1.06732 4.384576,-2.21054 4.883212,-2.5405 0.498635,-0.32996 1.422231,-0.69722 2.052439,-0.81613 0.945588,-0.1784 8.251831,-5.16991 41.809719,-28.56366 22.36514,-15.5911 61.502509,-42.875347 86.971959,-60.63162 25.46945,-17.756276 47.47778,-33.097469 48.90738,-34.09153 l 2.5993,-1.807398 0.13566,-1.293646 c 0.0747,-0.711504 0.44419,-2.002434 0.82129,-2.868734 0.62496,-1.435729 0.88239,-1.711693 2.90924,-3.118643 2.86561,-1.989179 3.53557,-2.727261 3.70458,-4.081239 0.074,-0.593089 0.36828,-1.406514 0.65389,-1.807611 0.4858,-0.68225 27.50626,-19.7253449 28.57094,-20.135829 1.18661,-0.4575026 1.88436,0.2903632 6.61641,7.091514 2.54345,3.655601 4.62447,6.891369 4.62447,7.190585 0,0.299226 -0.17864,0.799102 -0.39699,1.110846 -0.35946,0.513181 -26.59057,19.030207 -28.05883,19.80724 -0.41097,0.217493 -1.18857,0.282102 -2.309,0.191856 -2.03822,-0.164192 -2.47268,5.14e-4 -5.52161,2.091662 l -2.29295,1.572742 h -2.09433 c -1.15188,0 -2.445,-0.122245 -2.87358,-0.271649 -0.8503,-0.296424 9.27014,-7.285319 -122.571748,84.644784 -13.263871,9.24857 -31.617229,22.04435 -40.785249,28.43506 -12.364692,8.61901 -16.775971,11.82612 -17.082896,12.41964 -0.395668,0.76513 -1.247209,1.56914 -7.93809,7.49501 -4.958583,4.39164 -11.4921,9.31465 -14.700533,11.0769 -2.370166,1.30181 -4.4340864,1.48596 -5.9807438,0.53361 z M 12.745216,186.109 c 2.104063,-1.09549 5.151136,-3.21684 9.01719,-6.27767 5.160495,-4.08567 12.774536,-11.04455 13.097858,-11.97083 0.171968,-0.49268 22.745234,-16.35036 89.499606,-62.87333 49.09831,-34.217985 89.39683,-62.293581 89.55226,-62.390236 0.28942,-0.179968 0.0434,-0.817235 -0.70124,-1.816465 -0.30772,-0.412937 -8.23852,5.057052 -89.94396,62.035731 -49.283542,34.36874 -89.7496,62.43367 -89.924545,62.36654 -0.413926,-0.15883 -9.533881,4.33771 -13.96532,6.88552 -7.010451,4.03059 -11.8994305,7.5458 -12.7308409,9.15357 -0.5341058,1.03284 -0.325523,2.1122 0.7103874,3.67613 0.8705467,1.3143 2.0451281,2.18416 2.9513375,2.1857 0.309892,5.2e-4 1.406659,-0.43807 2.437267,-0.97466 z M 227.25023,38.860213 c 0.16531,-0.299895 -6.32912,-9.410977 -6.61792,-9.28433 -0.54364,0.238399 -0.12268,1.020203 2.78886,5.179451 2.70593,3.86552 3.49482,4.711233 3.82906,4.104879 z m 31.48043,-19.548332 c 0,-0.43041 -8.74074,-12.7134103 -9.04702,-12.7134103 -0.17448,0 -0.2909,0.1367117 -0.25873,0.3037929 0.0322,0.1670813 2.03812,3.1378034 4.45764,6.6016064 3.8397,5.496917 4.84811,6.70501 4.84811,5.808011 z\" id=\"path919\" sodipodi:nodetypes=\"sssssssssscssssssssssssssssssssssssssssscssssssssssccssssssssssscssssssssssssssssssssssssssssss\"><\/path><\/g><\/svg><\/p>","protected":false},"excerpt":{"rendered":"<p>CORONA TESTZENTRUM Covid-19 CORONA TESTZENTRUM Covid-19 Mail-bulk Mail-bulk BERLIN KU&#8217;DAMM Bei uns k\u00f6nnen Sie demn\u00e4chst kostenlose B\u00fcrgertests durchf\u00fchren 24\/7<\/p>","protected":false},"author":1,"featured_media":0,"parent":0,"menu_order":0,"comment_status":"closed","ping_status":"closed","template":"","meta":{"inline_featured_image":false,"site-sidebar-layout":"no-sidebar","site-content-layout":"page-builder","ast-site-content-layout":"default","site-content-style":"default","site-sidebar-style":"default","ast-global-header-display":"","ast-banner-title-visibility":"","ast-main-header-display":"disabled","ast-hfb-above-header-display":"","ast-hfb-below-header-display":"","ast-hfb-mobile-header-display":"","site-post-title":"disabled","ast-breadcrumbs-content":"","ast-featured-img":"disabled","footer-sml-layout":"disabled","ast-disable-related-posts":"","theme-transparent-header-meta":"default","adv-header-id-meta":"","stick-header-meta":"","header-above-stick-meta":"","header-main-stick-meta":"","header-below-stick-meta":"","astra-migrate-meta-layouts":"default","ast-page-background-enabled":"default","ast-page-background-meta":{"desktop":{"background-color":"","background-image":"","background-repeat":"repeat","background-position":"center center","background-size":"auto","background-attachment":"scroll","background-type":"","background-media":"","overlay-type":"","overlay-color":"","overlay-opacity":"","overlay-gradient":""},"tablet":{"background-color":"","background-image":"","background-repeat":"repeat","background-position":"center center","background-size":"auto","background-attachment":"scroll","background-type":"","background-media":"","overlay-type":"","overlay-color":"","overlay-opacity":"","overlay-gradient":""},"mobile":{"background-color":"","background-image":"","background-repeat":"repeat","background-position":"center center","background-size":"auto","background-attachment":"scroll","background-type":"","background-media":"","overlay-type":"","overlay-color":"","overlay-opacity":"","overlay-gradient":""}},"ast-content-background-meta":{"desktop":{"background-color":"var(--ast-global-color-5)","background-image":"","background-repeat":"repeat","background-position":"center center","background-size":"auto","background-attachment":"scroll","background-type":"","background-media":"","overlay-type":"","overlay-color":"","overlay-opacity":"","overlay-gradient":""},"tablet":{"background-color":"var(--ast-global-color-5)","background-image":"","background-repeat":"repeat","background-position":"center center","background-size":"auto","background-attachment":"scroll","background-type":"","background-media":"","overlay-type":"","overlay-color":"","overlay-opacity":"","overlay-gradient":""},"mobile":{"background-color":"var(--ast-global-color-5)","background-image":"","background-repeat":"repeat","background-position":"center center","background-size":"auto","background-attachment":"scroll","background-type":"","background-media":"","overlay-type":"","overlay-color":"","overlay-opacity":"","overlay-gradient":""}},"footnotes":""},"class_list":["post-30","page","type-page","status-publish","hentry"],"yoast_head":"<!-- This site is optimized with the Yoast SEO plugin v27.4 - https:\/\/yoast.com\/product\/yoast-seo-wordpress\/ -->\n<title>Wir sind bald f\u00fcr Sie da - Covid-19 Testzentrum Kudamm<\/title>\n<meta name=\"robots\" content=\"index, follow, max-snippet:-1, max-image-preview:large, max-video-preview:-1\" \/>\n<link rel=\"canonical\" href=\"https:\/\/kudammtest.de\/en\/wir-sind-bald-fuer-sie-da\/\" \/>\n<meta property=\"og:locale\" content=\"en_US\" \/>\n<meta property=\"og:type\" content=\"article\" \/>\n<meta property=\"og:title\" content=\"Wir sind bald f\u00fcr Sie da - Covid-19 Testzentrum Kudamm\" \/>\n<meta property=\"og:description\" content=\"CORONA TESTZENTRUM Covid-19 CORONA TESTZENTRUM Covid-19 Mail-bulk Mail-bulk BERLIN KU&#8217;DAMM Bei uns k\u00f6nnen Sie demn\u00e4chst kostenlose B\u00fcrgertests durchf\u00fchren 24\/7\" \/>\n<meta property=\"og:url\" content=\"https:\/\/kudammtest.de\/en\/wir-sind-bald-fuer-sie-da\/\" \/>\n<meta property=\"og:site_name\" content=\"Covid-19 Testzentrum Kudamm\" \/>\n<meta property=\"article:modified_time\" content=\"2021-04-12T09:59:34+00:00\" \/>\n<meta name=\"twitter:card\" content=\"summary_large_image\" \/>\n<script type=\"application\/ld+json\" class=\"yoast-schema-graph\">{\"@context\":\"https:\\\/\\\/schema.org\",\"@graph\":[{\"@type\":\"WebPage\",\"@id\":\"https:\\\/\\\/kudammtest.de\\\/wir-sind-bald-fuer-sie-da\",\"url\":\"https:\\\/\\\/kudammtest.de\\\/wir-sind-bald-fuer-sie-da\",\"name\":\"Wir sind bald f\u00fcr Sie da - Covid-19 Testzentrum Kudamm\",\"isPartOf\":{\"@id\":\"https:\\\/\\\/kudammtest.de\\\/#website\"},\"datePublished\":\"2021-04-06T13:48:23+00:00\",\"dateModified\":\"2021-04-12T09:59:34+00:00\",\"breadcrumb\":{\"@id\":\"https:\\\/\\\/kudammtest.de\\\/wir-sind-bald-fuer-sie-da#breadcrumb\"},\"inLanguage\":\"en-US\",\"potentialAction\":[{\"@type\":\"ReadAction\",\"target\":[\"https:\\\/\\\/kudammtest.de\\\/wir-sind-bald-fuer-sie-da\"]}]},{\"@type\":\"BreadcrumbList\",\"@id\":\"https:\\\/\\\/kudammtest.de\\\/wir-sind-bald-fuer-sie-da#breadcrumb\",\"itemListElement\":[{\"@type\":\"ListItem\",\"position\":1,\"name\":\"Startseite\",\"item\":\"https:\\\/\\\/kudammtest.de\\\/\"},{\"@type\":\"ListItem\",\"position\":2,\"name\":\"Wir sind bald f\u00fcr Sie da\"}]},{\"@type\":\"WebSite\",\"@id\":\"https:\\\/\\\/kudammtest.de\\\/#website\",\"url\":\"https:\\\/\\\/kudammtest.de\\\/\",\"name\":\"Covid-19 Testzentrum Kudamm\",\"description\":\"\",\"publisher\":{\"@id\":\"https:\\\/\\\/kudammtest.de\\\/#organization\"},\"potentialAction\":[{\"@type\":\"SearchAction\",\"target\":{\"@type\":\"EntryPoint\",\"urlTemplate\":\"https:\\\/\\\/kudammtest.de\\\/?s={search_term_string}\"},\"query-input\":{\"@type\":\"PropertyValueSpecification\",\"valueRequired\":true,\"valueName\":\"search_term_string\"}}],\"inLanguage\":\"en-US\"},{\"@type\":\"Organization\",\"@id\":\"https:\\\/\\\/kudammtest.de\\\/#organization\",\"name\":\"Kudamm Test GmbH\",\"url\":\"https:\\\/\\\/kudammtest.de\\\/\",\"logo\":{\"@type\":\"ImageObject\",\"inLanguage\":\"en-US\",\"@id\":\"https:\\\/\\\/kudammtest.de\\\/#\\\/schema\\\/logo\\\/image\\\/\",\"url\":\"https:\\\/\\\/kudammtest.de\\\/wp-content\\\/uploads\\\/2021\\\/04\\\/kudammtest.png\",\"contentUrl\":\"https:\\\/\\\/kudammtest.de\\\/wp-content\\\/uploads\\\/2021\\\/04\\\/kudammtest.png\",\"width\":1762,\"height\":267,\"caption\":\"Kudamm Test GmbH\"},\"image\":{\"@id\":\"https:\\\/\\\/kudammtest.de\\\/#\\\/schema\\\/logo\\\/image\\\/\"}}]}<\/script>\n<!-- \/ Yoast SEO plugin. -->","yoast_head_json":{"title":"Wir sind bald f\u00fcr Sie da - Covid-19 Testzentrum Kudamm","robots":{"index":"index","follow":"follow","max-snippet":"max-snippet:-1","max-image-preview":"max-image-preview:large","max-video-preview":"max-video-preview:-1"},"canonical":"https:\/\/kudammtest.de\/en\/wir-sind-bald-fuer-sie-da\/","og_locale":"en_US","og_type":"article","og_title":"Wir sind bald f\u00fcr Sie da - Covid-19 Testzentrum Kudamm","og_description":"CORONA TESTZENTRUM Covid-19 CORONA TESTZENTRUM Covid-19 Mail-bulk Mail-bulk BERLIN KU&#8217;DAMM Bei uns k\u00f6nnen Sie demn\u00e4chst kostenlose B\u00fcrgertests durchf\u00fchren 24\/7","og_url":"https:\/\/kudammtest.de\/en\/wir-sind-bald-fuer-sie-da\/","og_site_name":"Covid-19 Testzentrum Kudamm","article_modified_time":"2021-04-12T09:59:34+00:00","twitter_card":"summary_large_image","schema":{"@context":"https:\/\/schema.org","@graph":[{"@type":"WebPage","@id":"https:\/\/kudammtest.de\/wir-sind-bald-fuer-sie-da","url":"https:\/\/kudammtest.de\/wir-sind-bald-fuer-sie-da","name":"Wir sind bald f\u00fcr Sie da - Covid-19 Testzentrum Kudamm","isPartOf":{"@id":"https:\/\/kudammtest.de\/#website"},"datePublished":"2021-04-06T13:48:23+00:00","dateModified":"2021-04-12T09:59:34+00:00","breadcrumb":{"@id":"https:\/\/kudammtest.de\/wir-sind-bald-fuer-sie-da#breadcrumb"},"inLanguage":"en-US","potentialAction":[{"@type":"ReadAction","target":["https:\/\/kudammtest.de\/wir-sind-bald-fuer-sie-da"]}]},{"@type":"BreadcrumbList","@id":"https:\/\/kudammtest.de\/wir-sind-bald-fuer-sie-da#breadcrumb","itemListElement":[{"@type":"ListItem","position":1,"name":"Startseite","item":"https:\/\/kudammtest.de\/"},{"@type":"ListItem","position":2,"name":"Wir sind bald f\u00fcr Sie da"}]},{"@type":"WebSite","@id":"https:\/\/kudammtest.de\/#website","url":"https:\/\/kudammtest.de\/","name":"Covid-19 Testzentrum Kudamm","description":"","publisher":{"@id":"https:\/\/kudammtest.de\/#organization"},"potentialAction":[{"@type":"SearchAction","target":{"@type":"EntryPoint","urlTemplate":"https:\/\/kudammtest.de\/?s={search_term_string}"},"query-input":{"@type":"PropertyValueSpecification","valueRequired":true,"valueName":"search_term_string"}}],"inLanguage":"en-US"},{"@type":"Organization","@id":"https:\/\/kudammtest.de\/#organization","name":"Kudamm Test GmbH","url":"https:\/\/kudammtest.de\/","logo":{"@type":"ImageObject","inLanguage":"en-US","@id":"https:\/\/kudammtest.de\/#\/schema\/logo\/image\/","url":"https:\/\/kudammtest.de\/wp-content\/uploads\/2021\/04\/kudammtest.png","contentUrl":"https:\/\/kudammtest.de\/wp-content\/uploads\/2021\/04\/kudammtest.png","width":1762,"height":267,"caption":"Kudamm Test GmbH"},"image":{"@id":"https:\/\/kudammtest.de\/#\/schema\/logo\/image\/"}}]}},"_links":{"self":[{"href":"https:\/\/kudammtest.de\/en\/wp-json\/wp\/v2\/pages\/30","targetHints":{"allow":["GET"]}}],"collection":[{"href":"https:\/\/kudammtest.de\/en\/wp-json\/wp\/v2\/pages"}],"about":[{"href":"https:\/\/kudammtest.de\/en\/wp-json\/wp\/v2\/types\/page"}],"author":[{"embeddable":true,"href":"https:\/\/kudammtest.de\/en\/wp-json\/wp\/v2\/users\/1"}],"replies":[{"embeddable":true,"href":"https:\/\/kudammtest.de\/en\/wp-json\/wp\/v2\/comments?post=30"}],"version-history":[{"count":0,"href":"https:\/\/kudammtest.de\/en\/wp-json\/wp\/v2\/pages\/30\/revisions"}],"wp:attachment":[{"href":"https:\/\/kudammtest.de\/en\/wp-json\/wp\/v2\/media?parent=30"}],"curies":[{"name":"wp","href":"https:\/\/api.w.org\/{rel}","templated":true}]}}