{"id":668,"date":"2021-04-12T14:34:46","date_gmt":"2021-04-12T12:34:46","guid":{"rendered":"https:\/\/kudammtest.de\/?page_id=668"},"modified":"2022-10-03T20:42:38","modified_gmt":"2022-10-03T18:42:38","slug":"datenschutz","status":"publish","type":"page","link":"https:\/\/kudammtest.de\/en\/datenschutz","title":{"rendered":"Datenschutz"},"content":{"rendered":"<p><a href=\"#\" class=\"_brlbs-btn-cookie-preference borlabs-cookie-preference\">ZU DEN COOKIES EINSTELLUNGEN \/ OPT-OUT<\/a><br \/>\n<br \/>\n<div class=\"borlabs-hide\" data-borlabs-cookie-type=\"cookie\" data-borlabs-cookie-id=\"google-analytics\"><script type=\"text\/template\">JiM4MjMwO2Jsb2NraWVyZSBkYXMmIzgyMzA7<\/script><\/div><br \/>\n<div class=\"BorlabsCookie _brlbs-switch-consent\"><label class=\"_brlbs-btn-switch _brlbs-btn-switch--textRight\"><input type=\"checkbox\" id=\"borlabs-cookie-google-analytics\" data-cookie-group=\"marketing\" name=\"borlabsCookie[marketing][]\" value=\"google-analytics\" data-borlabs-cookie-switch \/><span class=\"_brlbs-slider\"><\/span><span class=\"_brlbs-btn-switch-status\" data-active=\"An\" data-inactive=\"Aus\" aria-hidden=\"true\"><\/span><\/label><label class=\"_brlbs-title\" for=\"borlabs-cookie-google-analytics\">Google Analytics<\/label><\/div><\/p>\n<h1>Datenschutzerkl\u00e4rung f\u00fcr die Buchung eines Schnelltests bei <em>Kudammtest<\/em><\/h1>\n<p>Hiermit willige ich bez\u00fcglich der bei mir durchgef\u00fchrten Tests in die Verarbeitung meiner folgenden personenbezogenen Daten ein:<\/p>\n<p>&#8211; Vorliegen einer Infektion mit dem Coronavirus SARS-CoV-2,<\/p>\n<p>&#8211; Vorliegen von SARS-CoV-2 Antik\u00f6rpern,<\/p>\n<p>&#8211; Vor- und Nachname, Personalausweisnummer, Geburtsdatum,<\/p>\n<p>Anschrift der Hauptwohnung oder des gew\u00f6hnlichen Aufenthaltsortes und, falls abweichend: Anschrift des derzeitigen Aufenthaltsortes bzw. Reisezielanschrift\/aktueller Aufenthaltsort der n\u00e4chsten 14-Tage<\/p>\n<p>&#8211; E-Mail-Adresse<\/p>\n<p>Meine Einwilligung erstreckt sich ausdr\u00fccklich auf die Verarbeitung von Gesundheitsdaten im Sinne des Art. 9 Datenschutz-Grundverordnung (DSGVO) durch die Teststelle Kudammtest. Ich bin damit einverstanden, dass mich die Teststelle Kudammtest \u00fcber die von mir angegebenen Kontaktdaten \u00fcber mein Testergebnis informiert.<\/p>\n<p>Diese Einwilligung ist freiwillig. Ich kann sie ohne Angabe von Gr\u00fcnden verweigern, ohne dass ich deswegen Nachteile zu bef\u00fcrchten h\u00e4tte. Ich kann meine Einwilligung zudem jederzeit widerrufen; in diesem Fall werden meine Daten von der Teststelle Kudammtest unverz\u00fcglich gel\u00f6scht, und ich werde von der Teststelle Kudammtest nicht \u00fcber mein Testergebnis informiert. Im Falle eines positiven Corona Testergebnisses informiert mich das zust\u00e4ndige Gesundheitsamt; ein Widerruf der Einwilligung ist insoweit nicht m\u00f6glich, da es sich um eine meldepflichtige Krankheit nach Infektionsschutzgesetz handelt.<\/p>\n<p>Der Widerruf erstreckt sich ferner nicht auf Datenverarbeitungen, die im Rahmen der Aufgabenerf\u00fcllung der zust\u00e4ndigen Beh\u00f6rden nach einer Meldung an diese stattfinden (vgl. Ziffer 4 der Informationen gem\u00e4\u00df Art. 13 DSGVO).<\/p>\n<p>F\u00fcr den Fall, dass ich f\u00fcr mehrere Personen Tests kaufe erkl\u00e4re ich, dass ich die Zustimmung zu der DSGVO Vereinbarung von den weiteren Personen eingeholt habe. Sie haben sich damit einverstanden erkl\u00e4rt, dass ich Ihnen die Testergebnisse \u00fcbermitteln darf und somit selber Einsicht in Ihr Testergebnis erlange. Ein Widerruf der Personen ist jederzeit m\u00f6glich.<\/p>\n<p><u>Informationen gem\u00e4\u00df Art. 13 Datenschutz-Grundverordnung (DSGVO)<\/u><\/p>\n<p>Name und Kontaktdaten des Verantwortlichen der Teststelle Kudammtest, GMBH IN GR\u00dcNDUNG , GESCH\u00c4FTSF\u00dcHRER: B. KUCI, LIETZENBURGERSTRASSE 29, 10789 Berlin.<\/p>\n<p>Kontaktdaten des Datenschutzbeauftragten:<\/p>\n<p>Der Kontakt des Datenschutzbeauftragten von der Teststelle Kudammtest ist auf der Website www.kudammtest.de und unter XXX@XXX.de bekanntgegeben und erreichbar.<\/p>\n<p><u>Zwecke und Rechtsgrundlagen der Verarbeitung<\/u><\/p>\n<p>Ihre personenbezogenen Daten werden zum Zweck der Pr\u00e4vention und Bek\u00e4mpfung des Coronavirus SARS-CoV-2 gem\u00e4\u00df Art. 9 Abs. 2 Buchstabe a) i.V.m. Art. 6 Abs. 1 UAbs.1 Buchst. a) DSGVO aufgrund Ihrer Einwilligung verarbeitet.<\/p>\n<p>Empf\u00e4nger von personenbezogenen Daten, Anlass der Offenlegung Zust\u00e4ndiges Gesundheitsamt im Rahmen von Meldepflichten gem\u00e4\u00df Art. 9 des Infektionsschutzgesetzes (IfSG).<\/p>\n<p><u>Dauer der Speicherung der personenbezogenen Daten<\/u><\/p>\n<p>Das Testergebnis wird nach 3 Tagen gel\u00f6scht.<\/p>\n<p>Betroffenenrechte: Sie haben das Recht auf Auskunft \u00fcber die zu Ihrer Person gespeicherten Daten (Art. 15 DSGVO).<\/p>\n<p>Sollten unrichtige personenbezogene Daten verarbeitet werden, steht Ihnen ein Recht auf Berichtigung zu (Art. 16 DSGVO). Liegen die gesetzlichen Voraussetzungen vor, so k\u00f6nnen Sie die L\u00f6schung oder Einschr\u00e4nkung der Verarbeitung verlangen (Art. 17 und 18 DSGVO). Wenn Sie in die Verarbeitung eingewilligt haben oder ein Vertrag zur Datenverarbeitung besteht und die Datenverarbeitung mithilfe automatisierter Verfahren durchgef\u00fchrt wird, steht Ihnen gegebenenfalls ein Recht auf Daten\u00fcbertragbarkeit zu (Art. 20 DSGVO). Sie haben das Recht, aus Gr\u00fcnden, die sich aus Ihrer besonderen Situation ergeben, jederzeit gegen die Verarbeitung Ihrer Daten Widerspruch einzulegen, wenn die Verarbeitung ausschlie\u00dflich auf Grundlage des Art. 6 Abs. 1 Buchst. e oder f DSGVO erfolgt (Art. 21 Abs. 1 Satz 1 DSGVO).<\/p>\n<p>Falls Sie in die Verarbeitung eingewilligt haben und die Verarbeitung auf dieser Einwilligung beruht, k\u00f6nnen Sie die Einwilligung jederzeit f\u00fcr die Zukunft widerrufen. Die Rechtm\u00e4\u00dfigkeit der aufgrund der Einwilligung bis zum Widerruf erfolgten Datenverarbeitung wird durch diesen nicht ber\u00fchrt. Der Widerruf erstreckt sich nicht auf Datenverarbeitungen die im Rahmen der Aufgabenerf\u00fcllung der zust\u00e4ndigen Beh\u00f6rden stattfinden. Weiterhin besteht ein Beschwerderecht beim Landesbeauftragten f\u00fcr den Datenschutz.<\/p>\n","protected":false},"excerpt":{"rendered":"<p>Datenschutzerkl\u00e4rung f\u00fcr die Buchung eines Schnelltests bei Kudammtest Hiermit willige ich bez\u00fcglich der bei mir durchgef\u00fchrten Tests in die Verarbeitung meiner folgenden personenbezogenen Daten ein: &#8211; Vorliegen einer Infektion mit dem Coronavirus SARS-CoV-2, &#8211; Vorliegen von SARS-CoV-2 Antik\u00f6rpern, &#8211; Vor- und Nachname, Personalausweisnummer, Geburtsdatum, Anschrift der Hauptwohnung oder des gew\u00f6hnlichen Aufenthaltsortes und, falls abweichend: Anschrift [&hellip;]<\/p>\n","protected":false},"author":1,"featured_media":0,"parent":0,"menu_order":0,"comment_status":"closed","ping_status":"closed","template":"","meta":{"inline_featured_image":false,"site-sidebar-layout":"no-sidebar","site-content-layout":"page-builder","ast-site-content-layout":"default","site-content-style":"default","site-sidebar-style":"default","ast-global-header-display":"","ast-banner-title-visibility":"","ast-main-header-display":"","ast-hfb-above-header-display":"","ast-hfb-below-header-display":"","ast-hfb-mobile-header-display":"","site-post-title":"disabled","ast-breadcrumbs-content":"","ast-featured-img":"disabled","footer-sml-layout":"","ast-disable-related-posts":"","theme-transparent-header-meta":"default","adv-header-id-meta":"","stick-header-meta":"","header-above-stick-meta":"","header-main-stick-meta":"","header-below-stick-meta":"","astra-migrate-meta-layouts":"default","ast-page-background-enabled":"default","ast-page-background-meta":{"desktop":{"background-color":"","background-image":"","background-repeat":"repeat","background-position":"center center","background-size":"auto","background-attachment":"scroll","background-type":"","background-media":"","overlay-type":"","overlay-color":"","overlay-opacity":"","overlay-gradient":""},"tablet":{"background-color":"","background-image":"","background-repeat":"repeat","background-position":"center center","background-size":"auto","background-attachment":"scroll","background-type":"","background-media":"","overlay-type":"","overlay-color":"","overlay-opacity":"","overlay-gradient":""},"mobile":{"background-color":"","background-image":"","background-repeat":"repeat","background-position":"center center","background-size":"auto","background-attachment":"scroll","background-type":"","background-media":"","overlay-type":"","overlay-color":"","overlay-opacity":"","overlay-gradient":""}},"ast-content-background-meta":{"desktop":{"background-color":"var(--ast-global-color-5)","background-image":"","background-repeat":"repeat","background-position":"center center","background-size":"auto","background-attachment":"scroll","background-type":"","background-media":"","overlay-type":"","overlay-color":"","overlay-opacity":"","overlay-gradient":""},"tablet":{"background-color":"var(--ast-global-color-5)","background-image":"","background-repeat":"repeat","background-position":"center center","background-size":"auto","background-attachment":"scroll","background-type":"","background-media":"","overlay-type":"","overlay-color":"","overlay-opacity":"","overlay-gradient":""},"mobile":{"background-color":"var(--ast-global-color-5)","background-image":"","background-repeat":"repeat","background-position":"center center","background-size":"auto","background-attachment":"scroll","background-type":"","background-media":"","overlay-type":"","overlay-color":"","overlay-opacity":"","overlay-gradient":""}},"footnotes":""},"class_list":["post-668","page","type-page","status-publish","hentry"],"yoast_head":"<!-- This site is optimized with the Yoast SEO plugin v27.4 - https:\/\/yoast.com\/product\/yoast-seo-wordpress\/ -->\n<title>Datenschutz - Covid-19 Testzentrum Kudamm<\/title>\n<meta name=\"robots\" content=\"index, follow, max-snippet:-1, max-image-preview:large, max-video-preview:-1\" \/>\n<link rel=\"canonical\" href=\"https:\/\/kudammtest.de\/en\/datenschutz\/\" \/>\n<meta property=\"og:locale\" content=\"en_US\" \/>\n<meta property=\"og:type\" content=\"article\" \/>\n<meta property=\"og:title\" content=\"Datenschutz - Covid-19 Testzentrum Kudamm\" \/>\n<meta property=\"og:description\" content=\"Datenschutzerkl\u00e4rung f\u00fcr die Buchung eines Schnelltests bei Kudammtest Hiermit willige ich bez\u00fcglich der bei mir durchgef\u00fchrten Tests in die Verarbeitung meiner folgenden personenbezogenen Daten ein: &#8211; Vorliegen einer Infektion mit dem Coronavirus SARS-CoV-2, &#8211; Vorliegen von SARS-CoV-2 Antik\u00f6rpern, &#8211; Vor- und Nachname, Personalausweisnummer, Geburtsdatum, Anschrift der Hauptwohnung oder des gew\u00f6hnlichen Aufenthaltsortes und, falls abweichend: Anschrift [&hellip;]\" \/>\n<meta property=\"og:url\" content=\"https:\/\/kudammtest.de\/en\/datenschutz\/\" \/>\n<meta property=\"og:site_name\" content=\"Covid-19 Testzentrum Kudamm\" \/>\n<meta property=\"article:modified_time\" content=\"2022-10-03T18:42:38+00:00\" \/>\n<meta name=\"twitter:card\" content=\"summary_large_image\" \/>\n<meta name=\"twitter:label1\" content=\"Est. reading time\" \/>\n\t<meta name=\"twitter:data1\" content=\"4 minutes\" \/>\n<script type=\"application\/ld+json\" class=\"yoast-schema-graph\">{\"@context\":\"https:\\\/\\\/schema.org\",\"@graph\":[{\"@type\":\"WebPage\",\"@id\":\"https:\\\/\\\/kudammtest.de\\\/datenschutz\",\"url\":\"https:\\\/\\\/kudammtest.de\\\/datenschutz\",\"name\":\"Datenschutz - Covid-19 Testzentrum Kudamm\",\"isPartOf\":{\"@id\":\"https:\\\/\\\/kudammtest.de\\\/#website\"},\"datePublished\":\"2021-04-12T12:34:46+00:00\",\"dateModified\":\"2022-10-03T18:42:38+00:00\",\"breadcrumb\":{\"@id\":\"https:\\\/\\\/kudammtest.de\\\/datenschutz#breadcrumb\"},\"inLanguage\":\"en-US\",\"potentialAction\":[{\"@type\":\"ReadAction\",\"target\":[\"https:\\\/\\\/kudammtest.de\\\/datenschutz\"]}]},{\"@type\":\"BreadcrumbList\",\"@id\":\"https:\\\/\\\/kudammtest.de\\\/datenschutz#breadcrumb\",\"itemListElement\":[{\"@type\":\"ListItem\",\"position\":1,\"name\":\"Startseite\",\"item\":\"https:\\\/\\\/kudammtest.de\\\/\"},{\"@type\":\"ListItem\",\"position\":2,\"name\":\"Datenschutz\"}]},{\"@type\":\"WebSite\",\"@id\":\"https:\\\/\\\/kudammtest.de\\\/#website\",\"url\":\"https:\\\/\\\/kudammtest.de\\\/\",\"name\":\"Covid-19 Testzentrum Kudamm\",\"description\":\"\",\"publisher\":{\"@id\":\"https:\\\/\\\/kudammtest.de\\\/#organization\"},\"potentialAction\":[{\"@type\":\"SearchAction\",\"target\":{\"@type\":\"EntryPoint\",\"urlTemplate\":\"https:\\\/\\\/kudammtest.de\\\/?s={search_term_string}\"},\"query-input\":{\"@type\":\"PropertyValueSpecification\",\"valueRequired\":true,\"valueName\":\"search_term_string\"}}],\"inLanguage\":\"en-US\"},{\"@type\":\"Organization\",\"@id\":\"https:\\\/\\\/kudammtest.de\\\/#organization\",\"name\":\"Kudamm Test GmbH\",\"url\":\"https:\\\/\\\/kudammtest.de\\\/\",\"logo\":{\"@type\":\"ImageObject\",\"inLanguage\":\"en-US\",\"@id\":\"https:\\\/\\\/kudammtest.de\\\/#\\\/schema\\\/logo\\\/image\\\/\",\"url\":\"https:\\\/\\\/kudammtest.de\\\/wp-content\\\/uploads\\\/2021\\\/04\\\/kudammtest.png\",\"contentUrl\":\"https:\\\/\\\/kudammtest.de\\\/wp-content\\\/uploads\\\/2021\\\/04\\\/kudammtest.png\",\"width\":1762,\"height\":267,\"caption\":\"Kudamm Test GmbH\"},\"image\":{\"@id\":\"https:\\\/\\\/kudammtest.de\\\/#\\\/schema\\\/logo\\\/image\\\/\"}}]}<\/script>\n<!-- \/ Yoast SEO plugin. -->","yoast_head_json":{"title":"Datenschutz - Covid-19 Testzentrum Kudamm","robots":{"index":"index","follow":"follow","max-snippet":"max-snippet:-1","max-image-preview":"max-image-preview:large","max-video-preview":"max-video-preview:-1"},"canonical":"https:\/\/kudammtest.de\/en\/datenschutz\/","og_locale":"en_US","og_type":"article","og_title":"Datenschutz - Covid-19 Testzentrum Kudamm","og_description":"Datenschutzerkl\u00e4rung f\u00fcr die Buchung eines Schnelltests bei Kudammtest Hiermit willige ich bez\u00fcglich der bei mir durchgef\u00fchrten Tests in die Verarbeitung meiner folgenden personenbezogenen Daten ein: &#8211; Vorliegen einer Infektion mit dem Coronavirus SARS-CoV-2, &#8211; Vorliegen von SARS-CoV-2 Antik\u00f6rpern, &#8211; Vor- und Nachname, Personalausweisnummer, Geburtsdatum, Anschrift der Hauptwohnung oder des gew\u00f6hnlichen Aufenthaltsortes und, falls abweichend: Anschrift [&hellip;]","og_url":"https:\/\/kudammtest.de\/en\/datenschutz\/","og_site_name":"Covid-19 Testzentrum Kudamm","article_modified_time":"2022-10-03T18:42:38+00:00","twitter_card":"summary_large_image","twitter_misc":{"Est. reading time":"4 minutes"},"schema":{"@context":"https:\/\/schema.org","@graph":[{"@type":"WebPage","@id":"https:\/\/kudammtest.de\/datenschutz","url":"https:\/\/kudammtest.de\/datenschutz","name":"Datenschutz - Covid-19 Testzentrum Kudamm","isPartOf":{"@id":"https:\/\/kudammtest.de\/#website"},"datePublished":"2021-04-12T12:34:46+00:00","dateModified":"2022-10-03T18:42:38+00:00","breadcrumb":{"@id":"https:\/\/kudammtest.de\/datenschutz#breadcrumb"},"inLanguage":"en-US","potentialAction":[{"@type":"ReadAction","target":["https:\/\/kudammtest.de\/datenschutz"]}]},{"@type":"BreadcrumbList","@id":"https:\/\/kudammtest.de\/datenschutz#breadcrumb","itemListElement":[{"@type":"ListItem","position":1,"name":"Startseite","item":"https:\/\/kudammtest.de\/"},{"@type":"ListItem","position":2,"name":"Datenschutz"}]},{"@type":"WebSite","@id":"https:\/\/kudammtest.de\/#website","url":"https:\/\/kudammtest.de\/","name":"Covid-19 Testzentrum Kudamm","description":"","publisher":{"@id":"https:\/\/kudammtest.de\/#organization"},"potentialAction":[{"@type":"SearchAction","target":{"@type":"EntryPoint","urlTemplate":"https:\/\/kudammtest.de\/?s={search_term_string}"},"query-input":{"@type":"PropertyValueSpecification","valueRequired":true,"valueName":"search_term_string"}}],"inLanguage":"en-US"},{"@type":"Organization","@id":"https:\/\/kudammtest.de\/#organization","name":"Kudamm Test GmbH","url":"https:\/\/kudammtest.de\/","logo":{"@type":"ImageObject","inLanguage":"en-US","@id":"https:\/\/kudammtest.de\/#\/schema\/logo\/image\/","url":"https:\/\/kudammtest.de\/wp-content\/uploads\/2021\/04\/kudammtest.png","contentUrl":"https:\/\/kudammtest.de\/wp-content\/uploads\/2021\/04\/kudammtest.png","width":1762,"height":267,"caption":"Kudamm Test GmbH"},"image":{"@id":"https:\/\/kudammtest.de\/#\/schema\/logo\/image\/"}}]}},"_links":{"self":[{"href":"https:\/\/kudammtest.de\/en\/wp-json\/wp\/v2\/pages\/668","targetHints":{"allow":["GET"]}}],"collection":[{"href":"https:\/\/kudammtest.de\/en\/wp-json\/wp\/v2\/pages"}],"about":[{"href":"https:\/\/kudammtest.de\/en\/wp-json\/wp\/v2\/types\/page"}],"author":[{"embeddable":true,"href":"https:\/\/kudammtest.de\/en\/wp-json\/wp\/v2\/users\/1"}],"replies":[{"embeddable":true,"href":"https:\/\/kudammtest.de\/en\/wp-json\/wp\/v2\/comments?post=668"}],"version-history":[{"count":3,"href":"https:\/\/kudammtest.de\/en\/wp-json\/wp\/v2\/pages\/668\/revisions"}],"predecessor-version":[{"id":138598,"href":"https:\/\/kudammtest.de\/en\/wp-json\/wp\/v2\/pages\/668\/revisions\/138598"}],"wp:attachment":[{"href":"https:\/\/kudammtest.de\/en\/wp-json\/wp\/v2\/media?parent=668"}],"curies":[{"name":"wp","href":"https:\/\/api.w.org\/{rel}","templated":true}]}}