{"id":729,"date":"2021-04-12T20:03:36","date_gmt":"2021-04-12T18:03:36","guid":{"rendered":"https:\/\/kudammtest.de\/?page_id=729"},"modified":"2022-12-29T00:22:02","modified_gmt":"2022-12-28T23:22:02","slug":"corona-testzentrum-berlin-kurfuerstendamm","status":"publish","type":"page","link":"https:\/\/kudammtest.de\/en\/","title":{"rendered":"Homepage"},"content":{"rendered":"<p>LIEBE KUNDEN DAS IMPF- UND TESTCENTER<br \/>\u00a0HAT AB SOFORT <b>DAUERHAFT GESCHLOSSEN<\/b><br \/>\u00a0WIR BEDANKEN UNS F\u00dcR IHRE TREUE!<\/p>\n<p>WIR W\u00dcNSCHEN IHNEN ALLES GUTE UND BLEIBEN SIE SCH\u00d6N GESUND. <\/p>\n<p>IHR TEAM VOM IMPF- UND TESTCENTER KUDAMMTEST<\/p>\n<p>\t\t\t<a href=\"https:\/\/www.bundesgesundheitsministerium.de\/coronavirus\/nationale-teststrategie\/faq-covid-19-tests.html\" target=\"_blank\" role=\"button\" rel=\"noopener\"><br \/>\n\t\t\t\t\t\tHier Klicken ( Bundesgesundheitsminister schreiben vom 30.06.2022 )<br \/>\n\t\t\t\t\t<\/a><\/p>\n<h2>Corona-Testzentrum Berlin Kurf\u00fcrstendamm<\/h2>\n<h5>Lassen sie sich mit einem Antigen-Schnelltest bei uns vor Ort testen.<br \/>Wir f\u00fchren einen schmerzfreien Abstrich im vorderen Nasenraum durch.<br \/>Das Angebot richtet sich nur an symptomfreie Personen.<\/h5>\n<p>\t\t\t<a href=\"https:\/\/kudammtest.de\/en\/auswahl-wohnsitz\/\" role=\"button\"><br \/>\n\t\t\t\t\t\tZur Registrierung<br \/>\n\t\t\t\t\t<\/a><\/p>\n<p>Gem\u00e4\u00df der aktuellen Testverordnung haben B\u00fcrger mit st\u00e4ndigen Wohnsitz in Deutschland das Recht auf eine kostenlose Testung mit einem Antigen-Schnelltest. Nach erfolgter Registrierung werden Sie schnell und unb\u00fcrokratisch behandelt und erhalten das n\u00f6tige Testzertifikat innerhalb von 15 Minuten per E-Mail.<\/p>\n<p>Gem\u00e4\u00df der aktuellen Testverordnung haben B\u00fcrger mit st\u00e4ndigen Wohnsitz in Deutschland das Recht auf eine kostenlose Testung mit einem Antigen-Schnelltest. Nach erfolgter Registrierung werden Sie schnell und unb\u00fcrokratisch behandelt und erhalten das n\u00f6tige Testzertifikat innerhalb von 15 Minuten per E-Mail.<\/p>\n<p>Gem\u00e4\u00df der aktuellen Testverordnung haben B\u00fcrger mit st\u00e4ndigen Wohnsitz in Deutschland das Recht auf eine kostenlose Testung mit einem Antigen-Schnelltest. Nach erfolgter Registrierung werden Sie schnell und unb\u00fcrokratisch behandelt und erhalten das n\u00f6tige Testzertifikat innerhalb von 15 Minuten per E-Mail.\t\t<\/p>\n<h2>UNSER SERVICE<\/h2>\n<h3>\n\t\t\t\t\t\tFlexible Terminauswahl<br \/>\n\t\t\t\t<\/h3>\n<p>\n\t\t\t\t\t\t\u00dcber unsere Online-Registrierung k\u00f6nnen Sie sich jederzeit<br \/>\nanmelden.\t\t\t\t\t<\/p>\n<h3>\n\t\t\t\t\t\tKurzer Ablauf<br \/>\n\t\t\t\t<\/h3>\n<p>\n\t\t\t\t\t\tRegistrierung &amp; Testdurchf\u00fchrung innerhalb von 5 Minuten vor Ort\t\t\t\t\t<\/p>\n<h3>\n\t\t\t\t\t\tKontaktloser Drive IN<br \/>\n\t\t\t\t<\/h3>\n<p>\n\t\t\t\t\t\tWir f\u00fchren au\u00dferdem einen Schnelltest in Ihrem Fahrzeug durch.\t\t\t\t\t<\/p>\n<h3>\n\t\t\t\t\t\tErgebnis in 15 Min<br \/>\n\t\t\t\t<\/h3>\n<p>\n\t\t\t\t\t\tElektronische \u00dcbermittlung des Ergebnisses in Echtzeit &#8211; kein Aufenthalt notwendig\t\t\t\t\t<\/p>\n<h3>\n\t\t\t\t\t\tDigitales Testergebnis<br \/>\n\t\t\t\t<\/h3>\n<p>\n\t\t\t\t\t\tNach der Auswertung des Tests erhalten Sie Ihr Testergebnis per<br \/>\nE-Mail.\t\t\t\t\t<\/p>\n<h3>\n\t\t\t\t\t\tFachpersonal<br \/>\n\t\t\t\t<\/h3>\n<p>\n\t\t\t\t\t\tZertifiziertes Testzentrum mit qualifizierten Mitarbeiterinnen &amp; Mitarbeitern\t\t\t\t\t<\/p>\n<h3>\n\t\t\t\t\t\tFlexible Terminauswahl<br \/>\n\t\t\t\t<\/h3>\n<p>\n\t\t\t\t\t\t\u00dcber unsere Online-Registrierung k\u00f6nnen Sie sich jederzeit<br \/>anmelden.\t\t\t\t\t<\/p>\n<h3>\n\t\t\t\t\t\tKurzer Ablauf<br \/>\n\t\t\t\t<\/h3>\n<p>\n\t\t\t\t\t\tRegistrierung &amp; Testdurchf\u00fchrung innerhalb von 5 Minuten vor Ort\t\t\t\t\t<\/p>\n<h3>\n\t\t\t\t\t\tKontaktloser Drive IN<br \/>\n\t\t\t\t<\/h3>\n<p>\n\t\t\t\t\t\tWir f\u00fchren au\u00dferdem einen Schnelltest in Ihrem Fahrzeug durch.\t\t\t\t\t<\/p>\n<h3>\n\t\t\t\t\t\tErgebnis in 15 Min<br \/>\n\t\t\t\t<\/h3>\n<p>\n\t\t\t\t\t\tElektronische \u00dcbermittlung des Ergebnisses in Echtzeit &#8211; kein Aufenthalt notwendig\t\t\t\t\t<\/p>\n<h3>\n\t\t\t\t\t\tDigitales Testergebnis<br \/>\n\t\t\t\t<\/h3>\n<p>\n\t\t\t\t\t\tNach der Auswertung des Tests erhalten Sie Ihr Testergebnis per <br \/>E-Mail.\t\t\t\t\t<\/p>\n<h3>\n\t\t\t\t\t\tFachpersonal<br \/>\n\t\t\t\t<\/h3>\n<p>\n\t\t\t\t\t\tZertifiziertes Testzentrum mit qualifizierten Mitarbeiterinnen &amp; Mitarbeitern\t\t\t\t\t<\/p>\n<p>\t\t\t<div class=\"BorlabsCookie _brlbs-cb-googlemaps\"><div class=\"_brlbs-content-blocker\"> <div class=\"_brlbs-embed _brlbs-google-maps\"> <img class=\"_brlbs-thumbnail\" src=\"https:\/\/kudammtest.de\/wp-content\/plugins\/borlabs-cookie\/assets\/images\/cb-maps.png\" alt=\"Google Maps\"> <div class=\"_brlbs-caption\"> <p>Mit dem Laden der Karte akzeptieren Sie die Datenschutzerkl\u00e4rung von Google.<br><a href=\"https:\/\/policies.google.com\/privacy\" target=\"_blank\" rel=\"nofollow noopener noreferrer\">Mehr erfahren<\/a><\/p> <p><a class=\"_brlbs-btn\" href=\"#\" data-borlabs-cookie-unblock role=\"button\">Karte laden<\/a><\/p> <p><label><input type=\"checkbox\" name=\"unblockAll\" value=\"1\" checked> <small>Google Maps immer entsperren<\/small><\/label><\/p> <\/div> <\/div> <\/div><div class=\"borlabs-hide\" data-borlabs-cookie-type=\"content-blocker\" data-borlabs-cookie-id=\"googlemaps\"><script type=\"text\/template\">PGlmcmFtZSBmcmFtZWJvcmRlcj0iMCIgc2Nyb2xsaW5nPSJubyIgbWFyZ2luaGVpZ2h0PSIwIiBtYXJnaW53aWR0aD0iMCIKCQkJCQlzcmM9Imh0dHBzOi8vbWFwcy5nb29nbGUuY29tL21hcHM\/cT1MaWV0emVuYnVyZ2VyJTIwU3RyYSVDMyU5RmUlMjAyOSYjMDM4O3Q9bSYjMDM4O3o9MTUmIzAzODtvdXRwdXQ9ZW1iZWQmIzAzODtpd2xvYz1uZWFyIgoJCQkJCXRpdGxlPSJMaWV0emVuYnVyZ2VyIFN0cmHDn2UgMjkiCgkJCQkJYXJpYS1sYWJlbD0iTGlldHplbmJ1cmdlciBTdHJhw59lIDI5IgoJCQk+PC9pZnJhbWU+<\/script><\/div><\/div><br \/>\n\t\t\t\t\t\t\t\t\t\t\t\t\t\t\t<img decoding=\"async\" src=\"https:\/\/kudammtest.de\/wp-content\/uploads\/elementor\/thumbs\/kudammtest-p5mljh7g4ra3t60p5zj5p73vcfvhqx7x5bwrrxv0py.png\" title=\"KUDAMMTEST &#8211; Corona-Testzentrum Berlin Kurf\u00fcrstendamm\" alt=\"KUDAMMTEST - Corona-Testzentrum Berlin Kurf\u00fcrstendamm\" \/>\t\t\t\t\t\t\t\t\t\t\t\t\t\t\t<\/p>\n<p>Corona-Testzentrum Berlin Kurf\u00fcrstendamm&nbsp;<\/p>\n<p>\t\t\t<a href=\"https:\/\/www.corona-schnelltest-kudamm.de\" role=\"button\"><br \/>\n\t\t\t\t\t\twww.kudammtest.de<br \/>\n\t\t\t\t\t<\/a><br \/>\n\t\t\t<a href=\"https:\/\/kudammtest.de\/en\/information\/\" role=\"button\"><br \/>\n\t\t\t\t\t\tTelefon\/E-Mail &#8211; Information<br \/>\n\t\t\t\t\t<\/a><\/p>","protected":false},"excerpt":{"rendered":"<p>LIEBE KUNDEN DAS IMPF- UND TESTCENTER\u00a0HAT AB SOFORT DAUERHAFT GESCHLOSSEN\u00a0WIR BEDANKEN UNS F\u00dcR IHRE TREUE! WIR W\u00dcNSCHEN IHNEN ALLES GUTE UND BLEIBEN SIE SCH\u00d6N GESUND. IHR TEAM VOM IMPF- UND TESTCENTER KUDAMMTEST Hier Klicken ( Bundesgesundheitsminister schreiben vom 30.06.2022 ) Corona-Testzentrum Berlin Kurf\u00fcrstendamm Lassen sie sich mit einem Antigen-Schnelltest bei uns vor Ort testen.Wir f\u00fchren [&hellip;]<\/p>\n","protected":false},"author":1,"featured_media":0,"parent":0,"menu_order":0,"comment_status":"closed","ping_status":"closed","template":"","meta":{"inline_featured_image":false,"site-sidebar-layout":"no-sidebar","site-content-layout":"page-builder","ast-site-content-layout":"default","site-content-style":"default","site-sidebar-style":"default","ast-global-header-display":"","ast-banner-title-visibility":"","ast-main-header-display":"","ast-hfb-above-header-display":"","ast-hfb-below-header-display":"","ast-hfb-mobile-header-display":"","site-post-title":"disabled","ast-breadcrumbs-content":"","ast-featured-img":"disabled","footer-sml-layout":"","ast-disable-related-posts":"","theme-transparent-header-meta":"default","adv-header-id-meta":"","stick-header-meta":"","header-above-stick-meta":"","header-main-stick-meta":"","header-below-stick-meta":"","astra-migrate-meta-layouts":"default","ast-page-background-enabled":"default","ast-page-background-meta":{"desktop":{"background-color":"","background-image":"","background-repeat":"repeat","background-position":"center center","background-size":"auto","background-attachment":"scroll","background-type":"","background-media":"","overlay-type":"","overlay-color":"","overlay-opacity":"","overlay-gradient":""},"tablet":{"background-color":"","background-image":"","background-repeat":"repeat","background-position":"center center","background-size":"auto","background-attachment":"scroll","background-type":"","background-media":"","overlay-type":"","overlay-color":"","overlay-opacity":"","overlay-gradient":""},"mobile":{"background-color":"","background-image":"","background-repeat":"repeat","background-position":"center center","background-size":"auto","background-attachment":"scroll","background-type":"","background-media":"","overlay-type":"","overlay-color":"","overlay-opacity":"","overlay-gradient":""}},"ast-content-background-meta":{"desktop":{"background-color":"var(--ast-global-color-5)","background-image":"","background-repeat":"repeat","background-position":"center center","background-size":"auto","background-attachment":"scroll","background-type":"","background-media":"","overlay-type":"","overlay-color":"","overlay-opacity":"","overlay-gradient":""},"tablet":{"background-color":"var(--ast-global-color-5)","background-image":"","background-repeat":"repeat","background-position":"center center","background-size":"auto","background-attachment":"scroll","background-type":"","background-media":"","overlay-type":"","overlay-color":"","overlay-opacity":"","overlay-gradient":""},"mobile":{"background-color":"var(--ast-global-color-5)","background-image":"","background-repeat":"repeat","background-position":"center center","background-size":"auto","background-attachment":"scroll","background-type":"","background-media":"","overlay-type":"","overlay-color":"","overlay-opacity":"","overlay-gradient":""}},"footnotes":""},"class_list":["post-729","page","type-page","status-publish","hentry"],"yoast_head":"<!-- This site is optimized with the Yoast SEO plugin v27.4 - https:\/\/yoast.com\/product\/yoast-seo-wordpress\/ -->\n<title>Corona-Testzentrum Berlin Kurf\u00fcrstendamm | Kostenloser B\u00fcrgertest<\/title>\n<meta name=\"description\" content=\"Corona-Testzentrum Berlin Kurf\u00fcrstendamm . Registrierung f\u00fcr einen kostenlosen B\u00fcrgertest. Ergebnis innerhalb von 15 Minuten.\" \/>\n<meta name=\"robots\" content=\"index, follow, max-snippet:-1, max-image-preview:large, max-video-preview:-1\" \/>\n<link rel=\"canonical\" href=\"https:\/\/kudammtest.de\/en\/\" \/>\n<meta property=\"og:locale\" content=\"en_US\" \/>\n<meta property=\"og:type\" content=\"article\" \/>\n<meta property=\"og:title\" content=\"Corona-Testzentrum Berlin Kurf\u00fcrstendamm | Kostenloser B\u00fcrgertest\" \/>\n<meta property=\"og:description\" content=\"Corona-Testzentrum Berlin Kurf\u00fcrstendamm . Registrierung f\u00fcr einen kostenlosen B\u00fcrgertest. Ergebnis innerhalb von 15 Minuten.\" \/>\n<meta property=\"og:url\" content=\"https:\/\/kudammtest.de\/en\/\" \/>\n<meta property=\"og:site_name\" content=\"Covid-19 Testzentrum Kudamm\" \/>\n<meta property=\"article:modified_time\" content=\"2022-12-28T23:22:02+00:00\" \/>\n<meta property=\"og:image\" content=\"https:\/\/kudammtest.de\/wp-content\/uploads\/elementor\/thumbs\/kudammtest-p5mljh7g4ra3t60p5zj5p73vcfvhqx7x5bwrrxv0py.png\" \/>\n<meta name=\"twitter:card\" content=\"summary_large_image\" \/>\n<meta name=\"twitter:label1\" content=\"Est. reading time\" \/>\n\t<meta name=\"twitter:data1\" content=\"3 minutes\" \/>\n<script type=\"application\/ld+json\" class=\"yoast-schema-graph\">{\"@context\":\"https:\\\/\\\/schema.org\",\"@graph\":[{\"@type\":\"WebPage\",\"@id\":\"https:\\\/\\\/kudammtest.de\\\/\",\"url\":\"https:\\\/\\\/kudammtest.de\\\/\",\"name\":\"Corona-Testzentrum Berlin Kurf\u00fcrstendamm | Kostenloser B\u00fcrgertest\",\"isPartOf\":{\"@id\":\"https:\\\/\\\/kudammtest.de\\\/#website\"},\"primaryImageOfPage\":{\"@id\":\"https:\\\/\\\/kudammtest.de\\\/#primaryimage\"},\"image\":{\"@id\":\"https:\\\/\\\/kudammtest.de\\\/#primaryimage\"},\"thumbnailUrl\":\"https:\\\/\\\/kudammtest.de\\\/wp-content\\\/uploads\\\/elementor\\\/thumbs\\\/kudammtest-p5mljh7g4ra3t60p5zj5p73vcfvhqx7x5bwrrxv0py.png\",\"datePublished\":\"2021-04-12T18:03:36+00:00\",\"dateModified\":\"2022-12-28T23:22:02+00:00\",\"description\":\"Corona-Testzentrum Berlin Kurf\u00fcrstendamm . Registrierung f\u00fcr einen kostenlosen B\u00fcrgertest. Ergebnis innerhalb von 15 Minuten.\",\"breadcrumb\":{\"@id\":\"https:\\\/\\\/kudammtest.de\\\/#breadcrumb\"},\"inLanguage\":\"en-US\",\"potentialAction\":[{\"@type\":\"ReadAction\",\"target\":[\"https:\\\/\\\/kudammtest.de\\\/\"]}]},{\"@type\":\"ImageObject\",\"inLanguage\":\"en-US\",\"@id\":\"https:\\\/\\\/kudammtest.de\\\/#primaryimage\",\"url\":\"https:\\\/\\\/kudammtest.de\\\/wp-content\\\/uploads\\\/elementor\\\/thumbs\\\/kudammtest-p5mljh7g4ra3t60p5zj5p73vcfvhqx7x5bwrrxv0py.png\",\"contentUrl\":\"https:\\\/\\\/kudammtest.de\\\/wp-content\\\/uploads\\\/elementor\\\/thumbs\\\/kudammtest-p5mljh7g4ra3t60p5zj5p73vcfvhqx7x5bwrrxv0py.png\"},{\"@type\":\"BreadcrumbList\",\"@id\":\"https:\\\/\\\/kudammtest.de\\\/#breadcrumb\",\"itemListElement\":[{\"@type\":\"ListItem\",\"position\":1,\"name\":\"Startseite\",\"item\":\"https:\\\/\\\/kudammtest.de\\\/\"},{\"@type\":\"ListItem\",\"position\":2,\"name\":\"Homepage\"}]},{\"@type\":\"WebSite\",\"@id\":\"https:\\\/\\\/kudammtest.de\\\/#website\",\"url\":\"https:\\\/\\\/kudammtest.de\\\/\",\"name\":\"Covid-19 Testzentrum Kudamm\",\"description\":\"\",\"publisher\":{\"@id\":\"https:\\\/\\\/kudammtest.de\\\/#organization\"},\"potentialAction\":[{\"@type\":\"SearchAction\",\"target\":{\"@type\":\"EntryPoint\",\"urlTemplate\":\"https:\\\/\\\/kudammtest.de\\\/?s={search_term_string}\"},\"query-input\":{\"@type\":\"PropertyValueSpecification\",\"valueRequired\":true,\"valueName\":\"search_term_string\"}}],\"inLanguage\":\"en-US\"},{\"@type\":\"Organization\",\"@id\":\"https:\\\/\\\/kudammtest.de\\\/#organization\",\"name\":\"Kudamm Test GmbH\",\"url\":\"https:\\\/\\\/kudammtest.de\\\/\",\"logo\":{\"@type\":\"ImageObject\",\"inLanguage\":\"en-US\",\"@id\":\"https:\\\/\\\/kudammtest.de\\\/#\\\/schema\\\/logo\\\/image\\\/\",\"url\":\"https:\\\/\\\/kudammtest.de\\\/wp-content\\\/uploads\\\/2021\\\/04\\\/kudammtest.png\",\"contentUrl\":\"https:\\\/\\\/kudammtest.de\\\/wp-content\\\/uploads\\\/2021\\\/04\\\/kudammtest.png\",\"width\":1762,\"height\":267,\"caption\":\"Kudamm Test GmbH\"},\"image\":{\"@id\":\"https:\\\/\\\/kudammtest.de\\\/#\\\/schema\\\/logo\\\/image\\\/\"}}]}<\/script>\n<!-- \/ Yoast SEO plugin. -->","yoast_head_json":{"title":"Corona-Testzentrum Berlin Kurf\u00fcrstendamm | Kostenloser B\u00fcrgertest","description":"Corona-Testzentrum Berlin Kurf\u00fcrstendamm . Registrierung f\u00fcr einen kostenlosen B\u00fcrgertest. Ergebnis innerhalb von 15 Minuten.","robots":{"index":"index","follow":"follow","max-snippet":"max-snippet:-1","max-image-preview":"max-image-preview:large","max-video-preview":"max-video-preview:-1"},"canonical":"https:\/\/kudammtest.de\/en\/","og_locale":"en_US","og_type":"article","og_title":"Corona-Testzentrum Berlin Kurf\u00fcrstendamm | Kostenloser B\u00fcrgertest","og_description":"Corona-Testzentrum Berlin Kurf\u00fcrstendamm . Registrierung f\u00fcr einen kostenlosen B\u00fcrgertest. Ergebnis innerhalb von 15 Minuten.","og_url":"https:\/\/kudammtest.de\/en\/","og_site_name":"Covid-19 Testzentrum Kudamm","article_modified_time":"2022-12-28T23:22:02+00:00","og_image":[{"url":"https:\/\/kudammtest.de\/wp-content\/uploads\/elementor\/thumbs\/kudammtest-p5mljh7g4ra3t60p5zj5p73vcfvhqx7x5bwrrxv0py.png","type":"","width":"","height":""}],"twitter_card":"summary_large_image","twitter_misc":{"Est. reading time":"3 minutes"},"schema":{"@context":"https:\/\/schema.org","@graph":[{"@type":"WebPage","@id":"https:\/\/kudammtest.de\/","url":"https:\/\/kudammtest.de\/","name":"Corona-Testzentrum Berlin Kurf\u00fcrstendamm | Kostenloser B\u00fcrgertest","isPartOf":{"@id":"https:\/\/kudammtest.de\/#website"},"primaryImageOfPage":{"@id":"https:\/\/kudammtest.de\/#primaryimage"},"image":{"@id":"https:\/\/kudammtest.de\/#primaryimage"},"thumbnailUrl":"https:\/\/kudammtest.de\/wp-content\/uploads\/elementor\/thumbs\/kudammtest-p5mljh7g4ra3t60p5zj5p73vcfvhqx7x5bwrrxv0py.png","datePublished":"2021-04-12T18:03:36+00:00","dateModified":"2022-12-28T23:22:02+00:00","description":"Corona-Testzentrum Berlin Kurf\u00fcrstendamm . Registrierung f\u00fcr einen kostenlosen B\u00fcrgertest. Ergebnis innerhalb von 15 Minuten.","breadcrumb":{"@id":"https:\/\/kudammtest.de\/#breadcrumb"},"inLanguage":"en-US","potentialAction":[{"@type":"ReadAction","target":["https:\/\/kudammtest.de\/"]}]},{"@type":"ImageObject","inLanguage":"en-US","@id":"https:\/\/kudammtest.de\/#primaryimage","url":"https:\/\/kudammtest.de\/wp-content\/uploads\/elementor\/thumbs\/kudammtest-p5mljh7g4ra3t60p5zj5p73vcfvhqx7x5bwrrxv0py.png","contentUrl":"https:\/\/kudammtest.de\/wp-content\/uploads\/elementor\/thumbs\/kudammtest-p5mljh7g4ra3t60p5zj5p73vcfvhqx7x5bwrrxv0py.png"},{"@type":"BreadcrumbList","@id":"https:\/\/kudammtest.de\/#breadcrumb","itemListElement":[{"@type":"ListItem","position":1,"name":"Startseite","item":"https:\/\/kudammtest.de\/"},{"@type":"ListItem","position":2,"name":"Homepage"}]},{"@type":"WebSite","@id":"https:\/\/kudammtest.de\/#website","url":"https:\/\/kudammtest.de\/","name":"Covid-19 Testzentrum Kudamm","description":"","publisher":{"@id":"https:\/\/kudammtest.de\/#organization"},"potentialAction":[{"@type":"SearchAction","target":{"@type":"EntryPoint","urlTemplate":"https:\/\/kudammtest.de\/?s={search_term_string}"},"query-input":{"@type":"PropertyValueSpecification","valueRequired":true,"valueName":"search_term_string"}}],"inLanguage":"en-US"},{"@type":"Organization","@id":"https:\/\/kudammtest.de\/#organization","name":"Kudamm Test GmbH","url":"https:\/\/kudammtest.de\/","logo":{"@type":"ImageObject","inLanguage":"en-US","@id":"https:\/\/kudammtest.de\/#\/schema\/logo\/image\/","url":"https:\/\/kudammtest.de\/wp-content\/uploads\/2021\/04\/kudammtest.png","contentUrl":"https:\/\/kudammtest.de\/wp-content\/uploads\/2021\/04\/kudammtest.png","width":1762,"height":267,"caption":"Kudamm Test GmbH"},"image":{"@id":"https:\/\/kudammtest.de\/#\/schema\/logo\/image\/"}}]}},"_links":{"self":[{"href":"https:\/\/kudammtest.de\/en\/wp-json\/wp\/v2\/pages\/729","targetHints":{"allow":["GET"]}}],"collection":[{"href":"https:\/\/kudammtest.de\/en\/wp-json\/wp\/v2\/pages"}],"about":[{"href":"https:\/\/kudammtest.de\/en\/wp-json\/wp\/v2\/types\/page"}],"author":[{"embeddable":true,"href":"https:\/\/kudammtest.de\/en\/wp-json\/wp\/v2\/users\/1"}],"replies":[{"embeddable":true,"href":"https:\/\/kudammtest.de\/en\/wp-json\/wp\/v2\/comments?post=729"}],"version-history":[{"count":5,"href":"https:\/\/kudammtest.de\/en\/wp-json\/wp\/v2\/pages\/729\/revisions"}],"predecessor-version":[{"id":141580,"href":"https:\/\/kudammtest.de\/en\/wp-json\/wp\/v2\/pages\/729\/revisions\/141580"}],"wp:attachment":[{"href":"https:\/\/kudammtest.de\/en\/wp-json\/wp\/v2\/media?parent=729"}],"curies":[{"name":"wp","href":"https:\/\/api.w.org\/{rel}","templated":true}]}}