{"id":793,"date":"2021-04-12T21:49:38","date_gmt":"2021-04-12T19:49:38","guid":{"rendered":"https:\/\/kudammtest.de\/?page_id=793"},"modified":"2021-07-18T00:39:10","modified_gmt":"2021-07-17T22:39:10","slug":"allgemeine-geschaeftsbedingungen","status":"publish","type":"page","link":"https:\/\/kudammtest.de\/en\/allgemeine-geschaeftsbedingungen","title":{"rendered":"Allgemeine Gesch\u00e4ftsbedingungen"},"content":{"rendered":"<h1>Allgemeine Gesch\u00e4ftsbedingungen<\/h1>\n<p>1. Das Angebot<\/p>\n<p>a) Diese Allgemeinen Gesch\u00e4ftsbedingungen der Kudammtest GmbH, Lietzenburger Stra\u00dfe 29, 10789 Berlin gelten f\u00fcr alle Vertr\u00e4ge \u00fcber die Erbringung von Dienstleistungen im Bereich der SARS-CoV-2-Schnelltests.<\/p>\n<p>b) Wir bieten Antigen-Schnelltests auf SARS-CoV-2 an. Wir nutzen dazu g\u00e4ngige, kommerziell verf\u00fcgbare, f\u00fcr den Verkehr in Deutschland gekennzeichnete Tests, die auf der Liste der Antigen-Tests zum direkten Erregernachweis des Coronavirus SARS-CoV-2 des Bundesinstituts f\u00fcr Arzneimittel und Medizinprodukte (BfArM) gelistet sind.<\/p>\n<p>c) Unsere Tests stellen keine \u00e4rztliche Leistung dar. Sie ersetzen keine \u00e4rztliche Untersuchung und ergeben keinen \u00e4rztlichen Befund. Wir stellen auf Wunsch eine Mitteilung per E-Mail \u00fcber das Testergebnis aus. Wir sind keine Teststation des \u00f6ffentlichen Gesundheitsdienstes. Wir bieten ausschlie\u00dflich Selbstzahler-Tests und kostenlose B\u00fcrgertests nach \u00a7 4a der Coronavirus-Testverordnung an; siehe hierzu Ziff. 2. lit. g) unserer AGB.<\/p>\n<p>d) Die Preise f\u00fcr unsere Leistungen finden sich im jeweils aktuellen Preisverzeichnis bzw. den Preisangaben auf unserer Website (jeweils Gesamtpreise einschlie\u00dflich Mehrwertsteuer sofern nicht ausdr\u00fccklich anders angegeben). Der Vertrag kann nur in der deutschen Sprache abgeschlossen werden.<\/p>\n<p>2. Testablauf und Buchung<\/p>\n<p>a) Wir bieten unsere Leistungen in der von uns betriebenen Teststationen an (Teststation Lietzenburger Stra\u00dfe 29, 10789 Berlin). \u00dcber das Buchungsformular auf unserer Website kann ein Test verbindlich gebucht werden. Sie m\u00fcssen hierzu das betreffende Formular auf unserer Webseite ausf\u00fcllen und erhalten sodann eine Auftragsbest\u00e4tigung per E-Mail.<\/p>\n<p>b) Sie k\u00f6nnen auch ohne vorherige Buchung unsere Teststation besuchen und uns vor Ort mit der Durchf\u00fchrung eines Schnelltests beauftragen, Testpersonen mit vorheriger Buchung werden jedoch nach Ermessen des Personals vor Ort priorisiert, es kann daher ohne Buchung in erh\u00f6htem Ma\u00dfe zu Wartezeiten oder fehlenden Kapazit\u00e4ten kommen.<\/p>\n<p>c) Sofern die Testperson minderj\u00e4hrig ist ben\u00f6tigen wir eine Einverst\u00e4ndniserkl\u00e4rung des Erziehungs-\/Sorgeberechtigen Person(en). Hierf\u00fcr kann das von uns verwendete Muster genutzt werden.<\/p>\n<p>d) Trotz Priorisierung bei vorheriger Buchung besteht kein Anspruch darauf, dass der Test unmittelbar nach Eintreffen an der Teststelle durchgef\u00fchrt werden kann, weil die Durchf\u00fchrbarkeit der Tests auch von Faktoren abh\u00e4ngt, die wir nicht voll beherrschen k\u00f6nnen (z. B. Erkrankung von Mitarbeitern, Nichtlieferung von Testmaterialien, etc.). Wir tun unser M\u00f6glichstes, um solche Situationen nicht eintreten zu lassen. Sollte es dennoch kurzfristig zu gr\u00f6\u00dferen Verz\u00f6gerungen vor Ort kommen und\/oder die Testdurchf\u00fchrung an betreffendem Tag nicht m\u00f6glich sein, ist ein anderer Zeitpunkt zu nutzen.<\/p>\n<p>e) Bei Ankunft an der Teststation weisen wir auf die jeweils geltenden Hygieneregeln hin. Es muss stets ein Mindestabstand von 1,5 Metern zu anderen Personen gehalten werden, eine Mund-Nase-Bedeckung muss ordnungsgem\u00e4\u00df zu allen Zeitpunkten getragen werden, es sei denn, das anwesende Personal teilt etwas anderes mit (z.B. zur Identifizierung beim Abgleich mit dem Ausweisfoto sowie nat\u00fcrlich bei der Abstrichnahme). Etwaige dar\u00fcber hinausgehende gesetzliche Hygienevorgaben m\u00fcssen vollumf\u00e4nglich befolgt werden. Aufforderungen von unserem Personal zur Einhaltung der Hygieneregeln ist Folge zu leisten.<\/p>\n<p>f) Testpersonen gehen zun\u00e4chst zur Anmeldung. Wir \u00fcberpr\u00fcfen die Identit\u00e4t unserer Testpersonen, das hei\u00dft, es muss ein g\u00fcltiges offizielles Ausweisdokument (Personalausweis oder Reisepass) im Original mitgef\u00fchrt und auf Aufforderung vorgezeigt werden. Der Hintergrund ist, dass wir die Daten unserer Testpersonen erfassen m\u00fcssen, um sicherzustellen, dass im Falle eines positiven Testergebnisses eine Meldung an das zust\u00e4ndige Gesundheitsamt nach dem Infektionsschutzgesetz erfolgen kann, es sei denn, das Gesundheitsamt sieht diese Meldung nicht vor. Ferner ben\u00f6tigen wir die Daten, um den Testergebnisbericht korrekt ausstellen zu k\u00f6nnen und die Gesch\u00e4ftsf\u00e4higkeit zu \u00fcberpr\u00fcfen (siehe hierzu im Einzelnen: Datenschutzerkl\u00e4rung).<\/p>\n<p>g) Wenn Sie einen B\u00fcrgertest in Anspruch nehmen, werden die Kosten f\u00fcr einen Antigen-Schnelltest von der \u00f6ffentlichen Hand \u00fcbernommen, soweit Sie die Voraussetzungen erf\u00fcllen; Sie m\u00fcssen dann selbst keine Zahlungen leisten. Voraussetzung hierf\u00fcr ist insbesondere, dass Sie Ihren Wohnsitz oder Ihren gew\u00f6hnlichen Aufenthalt in der Bundesrepublik Deutschland haben und uns dies vor Ort durch Ihren Ausweis \/ Pass nachweisen. Sie haben hierbei im Rahmen der Verf\u00fcgbarkeit von Testkapazit\u00e4ten grunds\u00e4tzlich Anspruch auf mindestens einen Test pro Woche. Sollte die Zahlung des B\u00fcrgertests durch die \u00f6ffentliche Hand ohne unser Verschulden nach Durchf\u00fchrung des Tests abgelehnt werden, haben Sie die Kosten des Tests (entsprechend dem Preis f\u00fcr Antigen-Schnelltests im Zeitpunkt des Tests) selbst zu tragen; wir senden Ihnen in diesem Fall eine entsprechende Zahlungsaufforderung. Rechtsgrundlage f\u00fcr die Erstattungsentscheidung ist die Coronavirus-Testverordnung, es besteht kein Anspruch darauf, dass wir gegen eine ablehnende Erstattungsentscheidung seitens der zust\u00e4ndigen Stelle vorgehen; es bleibt Ihnen aber unbenommen, sich in diesem Fall selbst direkt an die zust\u00e4ndige Stelle zu wenden.<\/p>\n<p>h) An der Abstrichstation erfolgt die Probenentnahme f\u00fcr den Antigentest durch unser Personal. Hierzu wird die Identit\u00e4t des Testpersonen mit dem mitgef\u00fchrten Ausweisdokument abgeglichen. Das Testergebnis wird im Anschluss per E-Mail zugestellt. Die aktuell zu erwartende Zeit zwischen der Probenentnahme und der Bereitstellung des Testergebnisses liegt bei ca. 15. Minuten kann aber von Faktoren abh\u00e4ngen, die wir nicht voll beherrschen k\u00f6nnen und entsprechend auch l\u00e4nger dauern.<\/p>\n<p>3. Umfang des Tests<\/p>\n<p>Der Test umfassen das Testkits, die Testdurchf\u00fchrung und der Testauswertung sowie eine \u00dcbermittlung per E-Mail erfolgt durch uns unentgeltlich.<\/p>\n<p>4. Unsere Haftung<\/p>\n<p>a) Wir haften lediglich aus der Verletzung des Lebens, des K\u00f6rpers, der Gesundheit oder aus der Verletzung wesentlicher Vertragspflichten (Kardinalpflichten) sowie f\u00fcr sonstige Sch\u00e4den, die auf einer vors\u00e4tzlichen oder grob fahrl\u00e4ssigen Pflichtverletzung durch uns, unsere gesetzlichen Vertreter oder Erf\u00fcllungsgehilfen beruhen. Wesentliche Vertragspflichten sind solche, deren Erf\u00fcllung zur Erreichung des Ziels des Vertrags notwendig ist.<\/p>\n<p>b) Bei der Verletzung wesentlicher Vertragspflichten haften wir nur auf den vertragstypischen, vorhersehbaren Schaden, wenn dieser einfach fahrl\u00e4ssig verursacht wurde, es sei denn, es handelt sich um Schadensersatzanspr\u00fcche des Auftraggebers aus einer Verletzung des Lebens, des K\u00f6rpers oder der Gesundheit.<\/p>\n<p>c) Bei bzw. nach der Probeentnahme kann es unter Umst\u00e4nden zu Nasenbluten kommen. Kudammtest GmbH (in Gr\u00fcndung) \u00fcbernimmt daf\u00fcr keine Haftung. Sollte das Nasenbluten nicht aufh\u00f6ren, kontaktieren Sie bitte ihren Hausarzt.<\/p>\n<p>d) Ein positives oder negatives Testergebnis kann falsch-positiv oder falsch-negativ sein. Das bedeutet: Trotz eines negativen Testergebnisses bei uns k\u00f6nnen Sie trotzdem mit SARS-CoV-2 infiziert sein, und umgekehrt bedeutet ein positives Testergebnis nicht, dass Sie tats\u00e4chlich eine akute Infektion mit SARS-CoV-2 aufweisen. Ein positives Ergebnis des Antigen-Schnelltests muss durch einen PCR-Test labormedizinisch best\u00e4tigt werden. Wenden Sie sich dazu bitte an Ihre Haus\u00e4rztin oder Ihren Hausarzt, an ein Testzentrum des \u00f6ffentlichen Gesundheitsdienstes oder an eine andere \u00e4rztliche Einrichtung und lassen Sie sich dort beraten und testen.<\/p>\n<p>e) Sofern Sie das Ergebnis unseres Antigen-Schnelltests f\u00fcr Reisen oder zur Vermeidung einer Quarant\u00e4ne sowie sonst zu Nachweiszwecken verwenden m\u00f6chten, beachten Sie bitte, dass es nicht gesichert ist, dass das Testergebnis anerkannt wird. Wenden Sie sich bitte im Zweifel an Ihre Haus\u00e4rztin oder Ihren Hausarzt oder an eine andere \u00e4rztliche Einrichtung und lassen Sie sich dort beraten und testen. Dar\u00fcber hinaus kann es in sehr seltenen F\u00e4llen vorkommen, dass eine Probe seitens des Labors nicht ausgewertet werden kann (sog. inhibierte Probe, Abbruch des Laufs, o.\u00c4.) oder, dass das Ergebnis l\u00e4nger ben\u00f6tigt, ohne dass uns oder das Labor ein Verschulden trifft. In diesem Falle bieten wir Ihnen zeitnah die Wiederholung des Tests ohne zus\u00e4tzliche Kosten an. Die Zeitspanne, bis Ihnen das Testergebnis vorliegt, wird sich in diesem Fall entsprechend verl\u00e4ngern. Wir haften nicht f\u00fcr etwaige Sch\u00e4den, die durch eine solche Verz\u00f6gerung verursacht werden.<\/p>\n<p>f) Ebenso kann es in seltenen F\u00e4llen zu technisch bedingten \u00dcbermittlungsfehlern der Testergebnisse per E-Mail kommen, ohne dass uns oder das Labor diesbez\u00fcglich ein Verschulden trifft. In diesem Fall \u00fcbernehmen wir keine Haftung f\u00fcr hierdurch verursachte Sch\u00e4den, bieten Ihnen aber zeitnah die Wiederholung des Tests ohne zus\u00e4tzliche Kosten an.<\/p>\n<p>5. Widerrufsbelehrung<\/p>\n<p>a) Verbraucher haben bei Abschluss eines Fernabsatzgesch\u00e4fts grunds\u00e4tzlich ein gesetzliches Widerrufsrecht, \u00fcber das der Anbieter nach Ma\u00dfgabe des gesetzlichen Musters nachfolgend informiert. Die Ausnahmen vom Widerrufsrecht sind in Absatz b) geregelt. In Absatz c) findet sich ein Muster-Widerrufsformular.<\/p>\n<p><u>Widerrufsrecht<\/u><\/p>\n<p>Sie haben das Recht, binnen vierzehn Tagen ohne Angaben von Gr\u00fcnden diesen Vertrag zu widerrufen.<\/p>\n<p>Die Widerrufsfrist betr\u00e4gt vierzehn Tage ab dem Tag des Vertragsabschlusses.<\/p>\n<p>Um Ihr Widerrufsrecht auszu\u00fcben, m\u00fcssen Sie uns (Kudammtest GmbH, Lietzenburger Stra\u00dfe 29, 10789 Berlin, E-Mail: <a href=\"mailto:info@kudammtest.de\">info@kudammtest.de<\/a>) mittels einer eindeutigen Erkl\u00e4rung (z.B. ein mit der Post versandter Brief oder E-Mail) \u00fcber ihren Entschluss, diesen Vertrag zu widerrufen, informieren. Sie k\u00f6nnen daf\u00fcr das beigef\u00fcgte Muster-Widerrufsformular verwenden, das jedoch nicht vorgeschrieben ist.<\/p>\n<p>Zur Wahrung der Widerrufsfrist reicht es aus, dass Sie die Mitteilung \u00fcber die Aus\u00fcbung des Widerrufsrechts vor Ablauf der Widerrufsfrist absenden.<\/p>\n<p><u>\u00a0<\/u><\/p>\n<p><u>Folgen des Widerrufs<\/u><\/p>\n<p>Wenn Sie diesen Vertrag widerrufen, haben wir Ihnen alle Zahlungen, die wir von Ihnen erhalten haben, einschlie\u00dflich der Lieferkosten (mit Ausnahme der zus\u00e4tzlichen Kosten, die sich daraus ergeben, dass Sie eine andere Art der Lieferung als die von uns angebotene, g\u00fcnstige Standardlieferung gew\u00e4hlt haben), unverz\u00fcglich und sp\u00e4testens binnen vierzehn Tagen ab dem Tag zur\u00fcckzuzahlen, an dem die Mitteilung \u00fcber Ihren Widerruf dieses Vertrages bei uns eingegangen ist. F\u00fcr diese R\u00fcckzahlung verwenden wir dasselbe Zahlungsmittel, das Sie bei der urspr\u00fcnglichen Transaktion eingesetzt haben, es sei denn, mit Ihnen wurde ausdr\u00fccklich etwas anderes vereinbart; in keinem Fall werden Ihnen wegen dieser R\u00fcckzahlung Entgelte berechnet.<\/p>\n<p>Haben Sie verlangt, dass die Dienstleistungen w\u00e4hrend der Widerrufsfrist beginnen sollen, so haben Sie uns einen angemessenen Betrag zu zahlen, der dem Anteil der bis zu dem Zeitpunkt, zu dem Sie uns von der Aus\u00fcbung des Widerrufsrechts hinsichtlich dieses Vertrages unterrichten, bereits erbrachten Dienstleistungen im Vergleich zum Gesamtumfang der im Vertrag vorgesehenen Dienstleistungen entspricht.<\/p>\n<p>b) \u00dcber das Muster-Widerrufsformular informiert der Anbieter nach der gesetzlichen Regelung wie folgt:<\/p>\n<p><u>Muster-Widerrufsformular<\/u><\/p>\n<p>(Wenn Sie den Vertrag widerrufen wollen, dann f\u00fcllen Sie bitte dieses Formular<\/p>\n<p>aus und senden Sie es zur\u00fcck.)<\/p>\n<p>\u2014 An [hier ist der Name, die Anschrift und gegebenenfalls die Faxnummer und<\/p>\n<p>E-Mail-Adresse des Unternehmers durch den Unternehmer einzuf\u00fcgen]:<\/p>\n<p>\u2014 Hiermit widerrufe(n) ich\/wir (*) den von mir\/uns (*) abgeschlossenen Vertrag<\/p>\n<p>\u00fcber den Kauf der folgenden Waren (*)\/ die Erbringung der folgenden<\/p>\n<p>Dienstleistung (*)<\/p>\n<p>\u2014 Bestellt am (*)\/erhalten am (*)<\/p>\n<p>\u2014 Name des\/der Verbraucher(s)<\/p>\n<p>\u2014 Anschrift des\/der Verbraucher(s)<\/p>\n<p>\u2014 Unterschrift des\/der Verbraucher(s) (nur bei Mitteilung auf Papier)<\/p>\n<p>\u2014 Datum<\/p>\n<p>(*) Unzutreffendes streichen<\/p>\n<p>\u00a0<\/p>\n<p>6. Schlussbestimmungen<\/p>\n<p>a) Auf Vertr\u00e4ge zwischen dem Anbieter und den Testpersonen findet das Recht der Bundesrepublik Deutschland unter Ausschluss des UN-Kaufrechts Anwendung. Die gesetzlichen Vorschriften zur Beschr\u00e4nkung der Rechtswahl und zur Anwendbarkeit zwingender Vorschriften insbes. des Staates, in dem der Kunde als Verbraucher seinen gew\u00f6hnlichen Aufenthalt hat, bleiben unber\u00fchrt.<\/p>\n<p>b) Sofern es sich beim der Testperson um einen Kaufmann, eine juristische Person des \u00f6ffentlichen Rechts oder um ein \u00f6ffentlich-rechtliches Sonderverm\u00f6gen handelt, ist Gerichtsstand f\u00fcr alle Streitigkeiten aus Vertragsverh\u00e4ltnissen zwischen der Testperson und dem Anbieter der Sitz des Anbieters.<\/p>\n<p>c) Der Vertrag bleibt auch bei rechtlicher Unwirksamkeit einzelner Punkte in seinen \u00fcbrigen Teilen verbindlich. Anstelle der unwirksamen Punkte treten, soweit vorhanden, die gesetzlichen Vorschriften. Soweit dies f\u00fcr eine Vertragspartei eine unzumutbare H\u00e4rte darstellen w\u00fcrde, wird der Vertrag jedoch im Ganzen unwirksam.<\/p>\n","protected":false},"excerpt":{"rendered":"<p>Allgemeine Gesch\u00e4ftsbedingungen 1. Das Angebot a) Diese Allgemeinen Gesch\u00e4ftsbedingungen der Kudammtest GmbH, Lietzenburger Stra\u00dfe 29, 10789 Berlin gelten f\u00fcr alle Vertr\u00e4ge \u00fcber die Erbringung von Dienstleistungen im Bereich der SARS-CoV-2-Schnelltests. b) Wir bieten Antigen-Schnelltests auf SARS-CoV-2 an. Wir nutzen dazu g\u00e4ngige, kommerziell verf\u00fcgbare, f\u00fcr den Verkehr in Deutschland gekennzeichnete Tests, die auf der Liste der [&hellip;]<\/p>\n","protected":false},"author":1,"featured_media":0,"parent":0,"menu_order":0,"comment_status":"closed","ping_status":"closed","template":"","meta":{"inline_featured_image":false,"site-sidebar-layout":"no-sidebar","site-content-layout":"page-builder","ast-site-content-layout":"default","site-content-style":"default","site-sidebar-style":"default","ast-global-header-display":"","ast-banner-title-visibility":"","ast-main-header-display":"","ast-hfb-above-header-display":"","ast-hfb-below-header-display":"","ast-hfb-mobile-header-display":"","site-post-title":"disabled","ast-breadcrumbs-content":"","ast-featured-img":"disabled","footer-sml-layout":"","ast-disable-related-posts":"","theme-transparent-header-meta":"default","adv-header-id-meta":"","stick-header-meta":"","header-above-stick-meta":"","header-main-stick-meta":"","header-below-stick-meta":"","astra-migrate-meta-layouts":"default","ast-page-background-enabled":"default","ast-page-background-meta":{"desktop":{"background-color":"","background-image":"","background-repeat":"repeat","background-position":"center center","background-size":"auto","background-attachment":"scroll","background-type":"","background-media":"","overlay-type":"","overlay-color":"","overlay-opacity":"","overlay-gradient":""},"tablet":{"background-color":"","background-image":"","background-repeat":"repeat","background-position":"center center","background-size":"auto","background-attachment":"scroll","background-type":"","background-media":"","overlay-type":"","overlay-color":"","overlay-opacity":"","overlay-gradient":""},"mobile":{"background-color":"","background-image":"","background-repeat":"repeat","background-position":"center center","background-size":"auto","background-attachment":"scroll","background-type":"","background-media":"","overlay-type":"","overlay-color":"","overlay-opacity":"","overlay-gradient":""}},"ast-content-background-meta":{"desktop":{"background-color":"var(--ast-global-color-5)","background-image":"","background-repeat":"repeat","background-position":"center center","background-size":"auto","background-attachment":"scroll","background-type":"","background-media":"","overlay-type":"","overlay-color":"","overlay-opacity":"","overlay-gradient":""},"tablet":{"background-color":"var(--ast-global-color-5)","background-image":"","background-repeat":"repeat","background-position":"center center","background-size":"auto","background-attachment":"scroll","background-type":"","background-media":"","overlay-type":"","overlay-color":"","overlay-opacity":"","overlay-gradient":""},"mobile":{"background-color":"var(--ast-global-color-5)","background-image":"","background-repeat":"repeat","background-position":"center center","background-size":"auto","background-attachment":"scroll","background-type":"","background-media":"","overlay-type":"","overlay-color":"","overlay-opacity":"","overlay-gradient":""}},"footnotes":""},"class_list":["post-793","page","type-page","status-publish","hentry"],"yoast_head":"<!-- This site is optimized with the Yoast SEO plugin v27.4 - https:\/\/yoast.com\/product\/yoast-seo-wordpress\/ -->\n<title>Allgemeine Gesch\u00e4ftsbedingungen - Covid-19 Testzentrum Kudamm<\/title>\n<meta name=\"robots\" content=\"index, follow, max-snippet:-1, max-image-preview:large, max-video-preview:-1\" \/>\n<link rel=\"canonical\" href=\"https:\/\/kudammtest.de\/en\/allgemeine-geschaeftsbedingungen\/\" \/>\n<meta property=\"og:locale\" content=\"en_US\" \/>\n<meta property=\"og:type\" content=\"article\" \/>\n<meta property=\"og:title\" content=\"Allgemeine Gesch\u00e4ftsbedingungen - Covid-19 Testzentrum Kudamm\" \/>\n<meta property=\"og:description\" content=\"Allgemeine Gesch\u00e4ftsbedingungen 1. Das Angebot a) Diese Allgemeinen Gesch\u00e4ftsbedingungen der Kudammtest GmbH, Lietzenburger Stra\u00dfe 29, 10789 Berlin gelten f\u00fcr alle Vertr\u00e4ge \u00fcber die Erbringung von Dienstleistungen im Bereich der SARS-CoV-2-Schnelltests. b) Wir bieten Antigen-Schnelltests auf SARS-CoV-2 an. Wir nutzen dazu g\u00e4ngige, kommerziell verf\u00fcgbare, f\u00fcr den Verkehr in Deutschland gekennzeichnete Tests, die auf der Liste der [&hellip;]\" \/>\n<meta property=\"og:url\" content=\"https:\/\/kudammtest.de\/en\/allgemeine-geschaeftsbedingungen\/\" \/>\n<meta property=\"og:site_name\" content=\"Covid-19 Testzentrum Kudamm\" \/>\n<meta property=\"article:modified_time\" content=\"2021-07-17T22:39:10+00:00\" \/>\n<meta name=\"twitter:card\" content=\"summary_large_image\" \/>\n<meta name=\"twitter:label1\" content=\"Est. reading time\" \/>\n\t<meta name=\"twitter:data1\" content=\"8 minutes\" \/>\n<script type=\"application\/ld+json\" class=\"yoast-schema-graph\">{\"@context\":\"https:\\\/\\\/schema.org\",\"@graph\":[{\"@type\":\"WebPage\",\"@id\":\"https:\\\/\\\/kudammtest.de\\\/allgemeine-geschaeftsbedingungen\",\"url\":\"https:\\\/\\\/kudammtest.de\\\/allgemeine-geschaeftsbedingungen\",\"name\":\"Allgemeine Gesch\u00e4ftsbedingungen - Covid-19 Testzentrum Kudamm\",\"isPartOf\":{\"@id\":\"https:\\\/\\\/kudammtest.de\\\/#website\"},\"datePublished\":\"2021-04-12T19:49:38+00:00\",\"dateModified\":\"2021-07-17T22:39:10+00:00\",\"breadcrumb\":{\"@id\":\"https:\\\/\\\/kudammtest.de\\\/allgemeine-geschaeftsbedingungen#breadcrumb\"},\"inLanguage\":\"en-US\",\"potentialAction\":[{\"@type\":\"ReadAction\",\"target\":[\"https:\\\/\\\/kudammtest.de\\\/allgemeine-geschaeftsbedingungen\"]}]},{\"@type\":\"BreadcrumbList\",\"@id\":\"https:\\\/\\\/kudammtest.de\\\/allgemeine-geschaeftsbedingungen#breadcrumb\",\"itemListElement\":[{\"@type\":\"ListItem\",\"position\":1,\"name\":\"Startseite\",\"item\":\"https:\\\/\\\/kudammtest.de\\\/\"},{\"@type\":\"ListItem\",\"position\":2,\"name\":\"Allgemeine Gesch\u00e4ftsbedingungen\"}]},{\"@type\":\"WebSite\",\"@id\":\"https:\\\/\\\/kudammtest.de\\\/#website\",\"url\":\"https:\\\/\\\/kudammtest.de\\\/\",\"name\":\"Covid-19 Testzentrum Kudamm\",\"description\":\"\",\"publisher\":{\"@id\":\"https:\\\/\\\/kudammtest.de\\\/#organization\"},\"potentialAction\":[{\"@type\":\"SearchAction\",\"target\":{\"@type\":\"EntryPoint\",\"urlTemplate\":\"https:\\\/\\\/kudammtest.de\\\/?s={search_term_string}\"},\"query-input\":{\"@type\":\"PropertyValueSpecification\",\"valueRequired\":true,\"valueName\":\"search_term_string\"}}],\"inLanguage\":\"en-US\"},{\"@type\":\"Organization\",\"@id\":\"https:\\\/\\\/kudammtest.de\\\/#organization\",\"name\":\"Kudamm Test GmbH\",\"url\":\"https:\\\/\\\/kudammtest.de\\\/\",\"logo\":{\"@type\":\"ImageObject\",\"inLanguage\":\"en-US\",\"@id\":\"https:\\\/\\\/kudammtest.de\\\/#\\\/schema\\\/logo\\\/image\\\/\",\"url\":\"https:\\\/\\\/kudammtest.de\\\/wp-content\\\/uploads\\\/2021\\\/04\\\/kudammtest.png\",\"contentUrl\":\"https:\\\/\\\/kudammtest.de\\\/wp-content\\\/uploads\\\/2021\\\/04\\\/kudammtest.png\",\"width\":1762,\"height\":267,\"caption\":\"Kudamm Test GmbH\"},\"image\":{\"@id\":\"https:\\\/\\\/kudammtest.de\\\/#\\\/schema\\\/logo\\\/image\\\/\"}}]}<\/script>\n<!-- \/ Yoast SEO plugin. -->","yoast_head_json":{"title":"Allgemeine Gesch\u00e4ftsbedingungen - Covid-19 Testzentrum Kudamm","robots":{"index":"index","follow":"follow","max-snippet":"max-snippet:-1","max-image-preview":"max-image-preview:large","max-video-preview":"max-video-preview:-1"},"canonical":"https:\/\/kudammtest.de\/en\/allgemeine-geschaeftsbedingungen\/","og_locale":"en_US","og_type":"article","og_title":"Allgemeine Gesch\u00e4ftsbedingungen - Covid-19 Testzentrum Kudamm","og_description":"Allgemeine Gesch\u00e4ftsbedingungen 1. Das Angebot a) Diese Allgemeinen Gesch\u00e4ftsbedingungen der Kudammtest GmbH, Lietzenburger Stra\u00dfe 29, 10789 Berlin gelten f\u00fcr alle Vertr\u00e4ge \u00fcber die Erbringung von Dienstleistungen im Bereich der SARS-CoV-2-Schnelltests. b) Wir bieten Antigen-Schnelltests auf SARS-CoV-2 an. Wir nutzen dazu g\u00e4ngige, kommerziell verf\u00fcgbare, f\u00fcr den Verkehr in Deutschland gekennzeichnete Tests, die auf der Liste der [&hellip;]","og_url":"https:\/\/kudammtest.de\/en\/allgemeine-geschaeftsbedingungen\/","og_site_name":"Covid-19 Testzentrum Kudamm","article_modified_time":"2021-07-17T22:39:10+00:00","twitter_card":"summary_large_image","twitter_misc":{"Est. reading time":"8 minutes"},"schema":{"@context":"https:\/\/schema.org","@graph":[{"@type":"WebPage","@id":"https:\/\/kudammtest.de\/allgemeine-geschaeftsbedingungen","url":"https:\/\/kudammtest.de\/allgemeine-geschaeftsbedingungen","name":"Allgemeine Gesch\u00e4ftsbedingungen - Covid-19 Testzentrum Kudamm","isPartOf":{"@id":"https:\/\/kudammtest.de\/#website"},"datePublished":"2021-04-12T19:49:38+00:00","dateModified":"2021-07-17T22:39:10+00:00","breadcrumb":{"@id":"https:\/\/kudammtest.de\/allgemeine-geschaeftsbedingungen#breadcrumb"},"inLanguage":"en-US","potentialAction":[{"@type":"ReadAction","target":["https:\/\/kudammtest.de\/allgemeine-geschaeftsbedingungen"]}]},{"@type":"BreadcrumbList","@id":"https:\/\/kudammtest.de\/allgemeine-geschaeftsbedingungen#breadcrumb","itemListElement":[{"@type":"ListItem","position":1,"name":"Startseite","item":"https:\/\/kudammtest.de\/"},{"@type":"ListItem","position":2,"name":"Allgemeine Gesch\u00e4ftsbedingungen"}]},{"@type":"WebSite","@id":"https:\/\/kudammtest.de\/#website","url":"https:\/\/kudammtest.de\/","name":"Covid-19 Testzentrum Kudamm","description":"","publisher":{"@id":"https:\/\/kudammtest.de\/#organization"},"potentialAction":[{"@type":"SearchAction","target":{"@type":"EntryPoint","urlTemplate":"https:\/\/kudammtest.de\/?s={search_term_string}"},"query-input":{"@type":"PropertyValueSpecification","valueRequired":true,"valueName":"search_term_string"}}],"inLanguage":"en-US"},{"@type":"Organization","@id":"https:\/\/kudammtest.de\/#organization","name":"Kudamm Test GmbH","url":"https:\/\/kudammtest.de\/","logo":{"@type":"ImageObject","inLanguage":"en-US","@id":"https:\/\/kudammtest.de\/#\/schema\/logo\/image\/","url":"https:\/\/kudammtest.de\/wp-content\/uploads\/2021\/04\/kudammtest.png","contentUrl":"https:\/\/kudammtest.de\/wp-content\/uploads\/2021\/04\/kudammtest.png","width":1762,"height":267,"caption":"Kudamm Test GmbH"},"image":{"@id":"https:\/\/kudammtest.de\/#\/schema\/logo\/image\/"}}]}},"_links":{"self":[{"href":"https:\/\/kudammtest.de\/en\/wp-json\/wp\/v2\/pages\/793","targetHints":{"allow":["GET"]}}],"collection":[{"href":"https:\/\/kudammtest.de\/en\/wp-json\/wp\/v2\/pages"}],"about":[{"href":"https:\/\/kudammtest.de\/en\/wp-json\/wp\/v2\/types\/page"}],"author":[{"embeddable":true,"href":"https:\/\/kudammtest.de\/en\/wp-json\/wp\/v2\/users\/1"}],"replies":[{"embeddable":true,"href":"https:\/\/kudammtest.de\/en\/wp-json\/wp\/v2\/comments?post=793"}],"version-history":[{"count":0,"href":"https:\/\/kudammtest.de\/en\/wp-json\/wp\/v2\/pages\/793\/revisions"}],"wp:attachment":[{"href":"https:\/\/kudammtest.de\/en\/wp-json\/wp\/v2\/media?parent=793"}],"curies":[{"name":"wp","href":"https:\/\/api.w.org\/{rel}","templated":true}]}}