{"id":817,"date":"2021-04-13T01:29:25","date_gmt":"2021-04-12T23:29:25","guid":{"rendered":"https:\/\/kudammtest.de\/?page_id=817"},"modified":"2022-06-30T22:04:27","modified_gmt":"2022-06-30T20:04:27","slug":"auswahl-wohnsitz","status":"publish","type":"page","link":"https:\/\/kudammtest.de\/en\/auswahl-wohnsitz","title":{"rendered":"Auswahl Wohnsitz"},"content":{"rendered":"<p><a href=\"https:\/\/kudammtest.de\/en\/registrieren\/\" role=\"button\"><br \/>\n\t\t\t\t\t\tIch erf\u00fclle die Voraussetzungen der neuen Testverordnung<br \/>\n\t\t\t\t\t<\/a><br \/>\n\t\t\t<a href=\"https:\/\/kudammtest.de\/en\/Touristen\/\" role=\"button\"><br \/>\n\t\t\t\t\t\tIch zahle selbst<br \/>\n\t\t\t\t\t<\/a><br \/>\n\t\t\t<a href=\"https:\/\/kudammtest.de\/en\/registrieren\/\" role=\"button\"><br \/>\n\t\t\t\t\t\tIch erf\u00fclle die Voraussetzungen der neuen Testverordnung<br \/>\n\t\t\t\t\t<\/a><br \/>\n\t\t\t<a href=\"https:\/\/kudammtest.de\/en\/Touristen\/\" role=\"button\"><br \/>\n\t\t\t\t\t\tIch zahle selbst<br \/>\n\t\t\t\t\t<\/a><br \/>\n\t\t\t<a href=\"https:\/\/kudammtest.de\/en\/registrieren\/\" role=\"button\"><br \/>\n\t\t\t\t\t\tIch erf\u00fclle die Voraussetzungen der neuen Testverordnung<br \/>\n\t\t\t\t\t<\/a><br \/>\n\t\t\t<a href=\"https:\/\/kudammtest.de\/en\/Touristen\/\" role=\"button\"><br \/>\n\t\t\t\t\t\tIch zahle selbst<br \/>\n\t\t\t\t\t<\/a><br \/>\n\t\t\t<a href=\"https:\/\/www.bundesgesundheitsministerium.de\/coronavirus\/nationale-teststrategie\/faq-covid-19-tests.html\" target=\"_blank\" role=\"button\" rel=\"noopener\"><br \/>\n\t\t\t\t\t\tHier Klicken ( Bundesgesundheitsminister schreiben vom 30.06.2022 )<br \/>\n\t\t\t\t\t<\/a><\/p>","protected":false},"excerpt":{"rendered":"<p>Ich erf\u00fclle die Voraussetzungen der neuen Testverordnung Ich zahle selbst Ich erf\u00fclle die Voraussetzungen der neuen Testverordnung Ich zahle selbst Ich erf\u00fclle die Voraussetzungen der neuen Testverordnung Ich zahle selbst Hier Klicken ( Bundesgesundheitsminister schreiben vom 30.06.2022 )<\/p>","protected":false},"author":1,"featured_media":0,"parent":0,"menu_order":0,"comment_status":"closed","ping_status":"closed","template":"","meta":{"inline_featured_image":false,"site-sidebar-layout":"no-sidebar","site-content-layout":"page-builder","ast-site-content-layout":"default","site-content-style":"default","site-sidebar-style":"default","ast-global-header-display":"","ast-banner-title-visibility":"","ast-main-header-display":"","ast-hfb-above-header-display":"","ast-hfb-below-header-display":"","ast-hfb-mobile-header-display":"","site-post-title":"disabled","ast-breadcrumbs-content":"","ast-featured-img":"disabled","footer-sml-layout":"","ast-disable-related-posts":"","theme-transparent-header-meta":"default","adv-header-id-meta":"","stick-header-meta":"","header-above-stick-meta":"","header-main-stick-meta":"","header-below-stick-meta":"","astra-migrate-meta-layouts":"default","ast-page-background-enabled":"default","ast-page-background-meta":{"desktop":{"background-color":"","background-image":"","background-repeat":"repeat","background-position":"center center","background-size":"auto","background-attachment":"scroll","background-type":"","background-media":"","overlay-type":"","overlay-color":"","overlay-opacity":"","overlay-gradient":""},"tablet":{"background-color":"","background-image":"","background-repeat":"repeat","background-position":"center center","background-size":"auto","background-attachment":"scroll","background-type":"","background-media":"","overlay-type":"","overlay-color":"","overlay-opacity":"","overlay-gradient":""},"mobile":{"background-color":"","background-image":"","background-repeat":"repeat","background-position":"center center","background-size":"auto","background-attachment":"scroll","background-type":"","background-media":"","overlay-type":"","overlay-color":"","overlay-opacity":"","overlay-gradient":""}},"ast-content-background-meta":{"desktop":{"background-color":"var(--ast-global-color-5)","background-image":"","background-repeat":"repeat","background-position":"center center","background-size":"auto","background-attachment":"scroll","background-type":"","background-media":"","overlay-type":"","overlay-color":"","overlay-opacity":"","overlay-gradient":""},"tablet":{"background-color":"var(--ast-global-color-5)","background-image":"","background-repeat":"repeat","background-position":"center center","background-size":"auto","background-attachment":"scroll","background-type":"","background-media":"","overlay-type":"","overlay-color":"","overlay-opacity":"","overlay-gradient":""},"mobile":{"background-color":"var(--ast-global-color-5)","background-image":"","background-repeat":"repeat","background-position":"center center","background-size":"auto","background-attachment":"scroll","background-type":"","background-media":"","overlay-type":"","overlay-color":"","overlay-opacity":"","overlay-gradient":""}},"footnotes":""},"class_list":["post-817","page","type-page","status-publish","hentry"],"yoast_head":"<!-- This site is optimized with the Yoast SEO plugin v27.4 - https:\/\/yoast.com\/product\/yoast-seo-wordpress\/ -->\n<title>Auswahl Wohnsitz - Covid-19 Testzentrum Kudamm<\/title>\n<meta name=\"robots\" content=\"index, follow, max-snippet:-1, max-image-preview:large, max-video-preview:-1\" \/>\n<link rel=\"canonical\" href=\"https:\/\/kudammtest.de\/en\/auswahl-wohnsitz\/\" \/>\n<meta property=\"og:locale\" content=\"en_US\" \/>\n<meta property=\"og:type\" content=\"article\" \/>\n<meta property=\"og:title\" content=\"Auswahl Wohnsitz - Covid-19 Testzentrum Kudamm\" \/>\n<meta property=\"og:description\" content=\"Ich erf\u00fclle die Voraussetzungen der neuen Testverordnung Ich zahle selbst Ich erf\u00fclle die Voraussetzungen der neuen Testverordnung Ich zahle selbst Ich erf\u00fclle die Voraussetzungen der neuen Testverordnung Ich zahle selbst Hier Klicken ( Bundesgesundheitsminister schreiben vom 30.06.2022 )\" \/>\n<meta property=\"og:url\" content=\"https:\/\/kudammtest.de\/en\/auswahl-wohnsitz\/\" \/>\n<meta property=\"og:site_name\" content=\"Covid-19 Testzentrum Kudamm\" \/>\n<meta property=\"article:modified_time\" content=\"2022-06-30T20:04:27+00:00\" \/>\n<meta name=\"twitter:card\" content=\"summary_large_image\" \/>\n<meta name=\"twitter:label1\" content=\"Est. reading time\" \/>\n\t<meta name=\"twitter:data1\" content=\"1 minute\" \/>\n<script type=\"application\/ld+json\" class=\"yoast-schema-graph\">{\"@context\":\"https:\\\/\\\/schema.org\",\"@graph\":[{\"@type\":\"WebPage\",\"@id\":\"https:\\\/\\\/kudammtest.de\\\/auswahl-wohnsitz\",\"url\":\"https:\\\/\\\/kudammtest.de\\\/auswahl-wohnsitz\",\"name\":\"Auswahl Wohnsitz - Covid-19 Testzentrum Kudamm\",\"isPartOf\":{\"@id\":\"https:\\\/\\\/kudammtest.de\\\/#website\"},\"datePublished\":\"2021-04-12T23:29:25+00:00\",\"dateModified\":\"2022-06-30T20:04:27+00:00\",\"breadcrumb\":{\"@id\":\"https:\\\/\\\/kudammtest.de\\\/auswahl-wohnsitz#breadcrumb\"},\"inLanguage\":\"en-US\",\"potentialAction\":[{\"@type\":\"ReadAction\",\"target\":[\"https:\\\/\\\/kudammtest.de\\\/auswahl-wohnsitz\"]}]},{\"@type\":\"BreadcrumbList\",\"@id\":\"https:\\\/\\\/kudammtest.de\\\/auswahl-wohnsitz#breadcrumb\",\"itemListElement\":[{\"@type\":\"ListItem\",\"position\":1,\"name\":\"Startseite\",\"item\":\"https:\\\/\\\/kudammtest.de\\\/\"},{\"@type\":\"ListItem\",\"position\":2,\"name\":\"Auswahl Wohnsitz\"}]},{\"@type\":\"WebSite\",\"@id\":\"https:\\\/\\\/kudammtest.de\\\/#website\",\"url\":\"https:\\\/\\\/kudammtest.de\\\/\",\"name\":\"Covid-19 Testzentrum Kudamm\",\"description\":\"\",\"publisher\":{\"@id\":\"https:\\\/\\\/kudammtest.de\\\/#organization\"},\"potentialAction\":[{\"@type\":\"SearchAction\",\"target\":{\"@type\":\"EntryPoint\",\"urlTemplate\":\"https:\\\/\\\/kudammtest.de\\\/?s={search_term_string}\"},\"query-input\":{\"@type\":\"PropertyValueSpecification\",\"valueRequired\":true,\"valueName\":\"search_term_string\"}}],\"inLanguage\":\"en-US\"},{\"@type\":\"Organization\",\"@id\":\"https:\\\/\\\/kudammtest.de\\\/#organization\",\"name\":\"Kudamm Test GmbH\",\"url\":\"https:\\\/\\\/kudammtest.de\\\/\",\"logo\":{\"@type\":\"ImageObject\",\"inLanguage\":\"en-US\",\"@id\":\"https:\\\/\\\/kudammtest.de\\\/#\\\/schema\\\/logo\\\/image\\\/\",\"url\":\"https:\\\/\\\/kudammtest.de\\\/wp-content\\\/uploads\\\/2021\\\/04\\\/kudammtest.png\",\"contentUrl\":\"https:\\\/\\\/kudammtest.de\\\/wp-content\\\/uploads\\\/2021\\\/04\\\/kudammtest.png\",\"width\":1762,\"height\":267,\"caption\":\"Kudamm Test GmbH\"},\"image\":{\"@id\":\"https:\\\/\\\/kudammtest.de\\\/#\\\/schema\\\/logo\\\/image\\\/\"}}]}<\/script>\n<!-- \/ Yoast SEO plugin. -->","yoast_head_json":{"title":"Auswahl Wohnsitz - Covid-19 Testzentrum Kudamm","robots":{"index":"index","follow":"follow","max-snippet":"max-snippet:-1","max-image-preview":"max-image-preview:large","max-video-preview":"max-video-preview:-1"},"canonical":"https:\/\/kudammtest.de\/en\/auswahl-wohnsitz\/","og_locale":"en_US","og_type":"article","og_title":"Auswahl Wohnsitz - Covid-19 Testzentrum Kudamm","og_description":"Ich erf\u00fclle die Voraussetzungen der neuen Testverordnung Ich zahle selbst Ich erf\u00fclle die Voraussetzungen der neuen Testverordnung Ich zahle selbst Ich erf\u00fclle die Voraussetzungen der neuen Testverordnung Ich zahle selbst Hier Klicken ( Bundesgesundheitsminister schreiben vom 30.06.2022 )","og_url":"https:\/\/kudammtest.de\/en\/auswahl-wohnsitz\/","og_site_name":"Covid-19 Testzentrum Kudamm","article_modified_time":"2022-06-30T20:04:27+00:00","twitter_card":"summary_large_image","twitter_misc":{"Est. reading time":"1 minute"},"schema":{"@context":"https:\/\/schema.org","@graph":[{"@type":"WebPage","@id":"https:\/\/kudammtest.de\/auswahl-wohnsitz","url":"https:\/\/kudammtest.de\/auswahl-wohnsitz","name":"Auswahl Wohnsitz - Covid-19 Testzentrum Kudamm","isPartOf":{"@id":"https:\/\/kudammtest.de\/#website"},"datePublished":"2021-04-12T23:29:25+00:00","dateModified":"2022-06-30T20:04:27+00:00","breadcrumb":{"@id":"https:\/\/kudammtest.de\/auswahl-wohnsitz#breadcrumb"},"inLanguage":"en-US","potentialAction":[{"@type":"ReadAction","target":["https:\/\/kudammtest.de\/auswahl-wohnsitz"]}]},{"@type":"BreadcrumbList","@id":"https:\/\/kudammtest.de\/auswahl-wohnsitz#breadcrumb","itemListElement":[{"@type":"ListItem","position":1,"name":"Startseite","item":"https:\/\/kudammtest.de\/"},{"@type":"ListItem","position":2,"name":"Auswahl Wohnsitz"}]},{"@type":"WebSite","@id":"https:\/\/kudammtest.de\/#website","url":"https:\/\/kudammtest.de\/","name":"Covid-19 Testzentrum Kudamm","description":"","publisher":{"@id":"https:\/\/kudammtest.de\/#organization"},"potentialAction":[{"@type":"SearchAction","target":{"@type":"EntryPoint","urlTemplate":"https:\/\/kudammtest.de\/?s={search_term_string}"},"query-input":{"@type":"PropertyValueSpecification","valueRequired":true,"valueName":"search_term_string"}}],"inLanguage":"en-US"},{"@type":"Organization","@id":"https:\/\/kudammtest.de\/#organization","name":"Kudamm Test GmbH","url":"https:\/\/kudammtest.de\/","logo":{"@type":"ImageObject","inLanguage":"en-US","@id":"https:\/\/kudammtest.de\/#\/schema\/logo\/image\/","url":"https:\/\/kudammtest.de\/wp-content\/uploads\/2021\/04\/kudammtest.png","contentUrl":"https:\/\/kudammtest.de\/wp-content\/uploads\/2021\/04\/kudammtest.png","width":1762,"height":267,"caption":"Kudamm Test GmbH"},"image":{"@id":"https:\/\/kudammtest.de\/#\/schema\/logo\/image\/"}}]}},"_links":{"self":[{"href":"https:\/\/kudammtest.de\/en\/wp-json\/wp\/v2\/pages\/817","targetHints":{"allow":["GET"]}}],"collection":[{"href":"https:\/\/kudammtest.de\/en\/wp-json\/wp\/v2\/pages"}],"about":[{"href":"https:\/\/kudammtest.de\/en\/wp-json\/wp\/v2\/types\/page"}],"author":[{"embeddable":true,"href":"https:\/\/kudammtest.de\/en\/wp-json\/wp\/v2\/users\/1"}],"replies":[{"embeddable":true,"href":"https:\/\/kudammtest.de\/en\/wp-json\/wp\/v2\/comments?post=817"}],"version-history":[{"count":5,"href":"https:\/\/kudammtest.de\/en\/wp-json\/wp\/v2\/pages\/817\/revisions"}],"predecessor-version":[{"id":135088,"href":"https:\/\/kudammtest.de\/en\/wp-json\/wp\/v2\/pages\/817\/revisions\/135088"}],"wp:attachment":[{"href":"https:\/\/kudammtest.de\/en\/wp-json\/wp\/v2\/media?parent=817"}],"curies":[{"name":"wp","href":"https:\/\/api.w.org\/{rel}","templated":true}]}}