{"id":846,"date":"2021-04-13T02:16:42","date_gmt":"2021-04-13T00:16:42","guid":{"rendered":"https:\/\/kudammtest.de\/?page_id=846"},"modified":"2021-04-13T02:36:43","modified_gmt":"2021-04-13T00:36:43","slug":"einverstaendniserklaerung","status":"publish","type":"page","link":"https:\/\/kudammtest.de\/en\/einverstaendniserklaerung","title":{"rendered":"Letter of Acceptance"},"content":{"rendered":"<p>Einversta\u0308ndniserkla\u0308rung<\/p>\n<p>Abstrich Nasen-Rachen-Raum (Nasopharynx) fu\u0308r Tests zum Nachweis von SARS- CoV-2\/ COVID-19<\/p>\n<p>Ihre Angaben zur Person werden von uns durch die Registrierung \u00fcbernommen.<\/p>\n<p>Informationen zur Aktivierung des K\u00e4stchens:<\/p>\n<p>Hiermit erteilen Sie uns Ihre ausdru\u0308ckliche Einwilligung zur Durchfu\u0308hrung eines Abstrichs im Nasen-Rachen-Raum (Nasopharynx) mit anschlie\u00dfendem Antigen-Schnelltest und\/ oder PCR-Test zwecks Nachweis einer akuten COVID-19-Erkrankung\/ Infektion mit SARS-CoV-2 sowie zu der hiermit einhergehenden Verarbeitung Ihrer personenbezogenen Daten im Sinne von Art. 4 Abs.1 Datenschutz-Grundverordnung (DSGVO). Dazu za\u0308hlen insb. auch solche personenbezogenen Daten, die gema\u0308\u00df Art. 9 Abs.1 DSGVO einem besonderen Schutz unterliegen (Gesundheitsdaten). So beno\u0308tigen wir zur Durchfu\u0308hrung der Untersuchung gema\u0308\u00df Art. 9 Abs.2 lit. a) DSGVO Ihre ausdru\u0308ckliche, schriftliche Einwilligung zur Datenverarbeitung.<\/p>\n<p>Entnahme des Untersuchungsmaterials:<\/p>\n<p>Zur Durchfu\u0308hrung des geplanten Tests zwecks Nachweises einer akuten SARS-CoV-2- Infektion\/ COVID-19-Erkrankung ist zuna\u0308chst die Entnahme von Untersuchungsmaterial erforderlich. Dies erfolgt mittels eines Abstrichs im Nasen-Rachen-Raum (Nasopharynx). Der Abstrich erfolgt regelhaft durch entsprechend medizinisch geschultes Personal und ggf. mit telemedizinischem Hintergrunddienst des Leitenden Arztes der 21Dx GmbH.<\/p>\n<p>Diese Entnahme ist in den meisten Fa\u0308llen medizinisch unbedenklich. Folgende Unannehmlichkeit\/ Risiken ko\u0308nnen dabei jedoch auftreten:<\/p>\n<ul>\n<li>\n<p>Reizung der Nasenschleimha\u0308ute<\/p>\n<\/li>\n<li>\n<p>Wu\u0308rgereiz<\/p>\n<\/li>\n<li>\n<p>Blutungen im Entnahme-Raum<\/p>\n<\/li>\n<li>\n<p>Atemnot\/ Atembeklemmungen<\/p>\n<\/li>\n<li>\n<p>Niesen\/ Husten\/ Verschlucken<\/p>\n<\/li>\n<\/ul>\n<p>Durchfu\u0308hrung des Tests:<\/p>\n<p>Im Anschluss an die Entnahme des Untersuchungsmaterials wird entweder noch vor Ort ein Antigen-Schnelltest durchgefu\u0308hrt oder die Probe zur Durchfu\u0308hrung eines PCR-Tests an ein mit uns kooperierendes, akkreditiertes Labor u\u0308bersandt. Die Auswertung des Schnelltests sowie die Befundmitteilung erfolgen vor Ort. U\u0308ber die Modalita\u0308ten der Auswertung und Befundmitteilug im Falle des PCR-Tests informieren wir Sie gerne vor Ort. Bitte beachten Sie, dass die Tests keine 100-prozentige Exaktheit erlauben. Ein Testergebnis kann sowohl falsch- positiv als auch falsch-negativ ausfallen. Gerne informieren wir Sie u\u0308ber die jeweiligen, von dem Testhersteller angegebenen, statistischen Wahrscheinlichkeiten eines falschen Ergebnisses.<\/p>\n<p>Folgen eines positiven Befundes:<\/p>\n<p>Sofern eine akute Infektion mit SARS-CoV-2 bzw. eine Erkrankung an COVID-19 nachgewiesen werden sollte(n), handelt es sich hierbei um eine meldepflichtige Infektion\/ Krankheit nach dem Infektionsschutzgesetz. In diesem Fall mu\u0308ssen Ihre personenbezogenen Daten zusammen mit dem positiven Testergebnis von uns bzw. im Falle des PCR-Test von dem Labor verpflichtend den zusta\u0308ndigen Gesundheitsbeho\u0308rden gemeldet\/ u\u0308bermittelt werden. Zudem sind wir zu einer Meldung an die jeweilige dem Probanden zugeordnete Institution verpflichtet. Bitte beachten Sie au\u00dferdem, dass Sie nach derzeitigen wissenschaftlichen Erkenntnissen trotz eines negativen Tests ansteckend\/ infektio\u0308s sein ko\u0308nnten. Unser Personal kla\u0308rt Sie gerne weiter auf.<\/p>\n<p>Ihre Rechte:<\/p>\n<p>Sie haben das Recht sowohl Ihre Einwilligung in die Durchfu\u0308hrung der Untersuchung als auch Ihre Einwilligung in die hierfu\u0308r erforderliche Verarbeitung Ihrer personenbezogenen Daten jederzeit und ohne Angabe von Gru\u0308nden mit Wirkung fu\u0308r die Zukunft gegenu\u0308ber uns zu widerrufen. Im U\u0308brigen stehen uneingeschra\u0308nkt die Betroffenenrechte zu, die im Zusammenhang mit der DSGVO garantiert sind. Na\u0308here Informationen zu Ihren Betroffenenrechten ko\u0308nnen Sie den nachfolgenden Hinweisen zur Datenverarbeitung (Anlage 1 zur Einwilligungserkla\u0308rung) entnehmen.<\/p>\n<p>Ihre Erkla\u0308rung:<\/p>\n<p>Ich habe den vorstehenden Text sowie die in Anlage befindlichen Hinweise zur Datenverarbeitung (Anlage 1 zur Einwilligungserkla\u0308rung) gelesen, verstanden und akzeptiert.<\/p>\n<p>Durch die Aktivierung des K\u00e4stchens Einverst\u00e4ndniserkl\u00e4rung erkla\u0308re ich mich mit den geplanten Untersuchung\/en, der hierfu\u0308r erforderlichen Proben-Entnahme, der anschlie\u00dfenden Auswertung sowie mit der Verarbeitung meiner personenbezogenen Daten zu diesem Zweck einverstanden und erteile hiermit den entsprechenden Auftrag. Ferner besta\u0308tige ich mit meiner Unterschrift, dass ich die Gelegenheit hatte, Antworten auf alle meine (medizinischen) Fragen zu erhalten und mir vor der Einwilligung ausreichend Bedenkzeit eingera\u0308umt worden ist.<\/p>\n<p>Anlage 1 \u2013 Hinweise zur Daten- verarbeitung<\/p>\n<p>Mit diesen Hinweisen zur Datenverarbeitung kommen wir unseren Informationspflichten aus Art. 12 ff. der Datenschutzgrundverordnung (nachfolgend \u201eDSGVO\u201c genannt) im Zusammenhang mit der geplanten Untersuchung nach.<\/p>\n<p>\u00a7 1 Verantwortlicher fu\u0308r die Datenverarbeitung<\/p>\n<p>Fu\u0308r die Datenverarbeitung verantwortlich ist die 21Dx GmbH, Feldbergstra\u00dfe 2B, 81825 Mu\u0308nchen, vertr.d.d. Gescha\u0308ftsfu\u0308hrung.<\/p>\n<p>Fu\u0308r Fragen zu unserem Umgang mit Ihren personenbezogenen Daten stehen wir Ihnen jederzeit gerne per E-Mail ankontakt@21dx.de zur Verfu\u0308gung.<\/p>\n<p>\u00a7 2 Datenschutzbeauftragter<\/p>\n<p>Sie haben aber auch das Recht, sich mit Fragen im Zusammenhang mit der Verarbeitung Ihrer personenbezogenen Daten sowie bezu\u0308glich der Wahrnehmung Ihrer Betroffenenrechte gema\u0308\u00df der DSGVO an unseren Datenschutzbeauftragten zu wenden. Diesen erreichen Sie unter den folgenden Kontaktdaten:<\/p>\n<p>kontakt@21dx.de<\/p>\n<p>\u00a7 3 Verarbeitung deiner Daten<\/p>\n<p>Wenn bei Ihnen ein Nasenrachenabstrich (Nasopharynx) mit anschlie\u00dfendem Test zwecks Nachweises einer akuten SARS- CoV-2-Infektion\/ COVID-19-Erkrankung von uns durchgefu\u0308hrt werden soll, mu\u0308ssen wir Ihre personenbezogenen Daten verarbeiten. Hiervon betroffen sind Ihr\/e<\/p>\n<ul>\n<li>Name<\/li>\n<li>Geburtsdatum<\/li>\n<li>Anschrift<\/li>\n<\/ul>\n<p>Die Rechtma\u0308\u00dfigkeit dieser Datenverarbei- tung stu\u0308tzen wir auf Art. 6 Abs.1 lit.a DSGVO. Ihre ausdru\u0308ckliche Einwilligung hierzu erkla\u0308ren Sie uns gegenu\u0308ber durch die Unterzeichnung der Einversta\u0308ndniserkla\u0308rung.<\/p>\n<p>\u00a7 4 Datenweitergabe<\/p>\n<p>Wir werden Ihre Daten nur dann an Dritte weitergeben, wenn<\/p>\n<ul>\n<li>Sie gema\u0308\u00df Art. 6 Abs.1 lit.a DSGVO hierzu Ihre ausdru\u0308ckliche Einwilligung gegeben haben;<\/li>\n<li>die Weitergabe gema\u0308\u00df Art. 6 Abs.1 lit.f DSGVO zur Geltendmachung, Ausu\u0308bung oder Verteidigung von Rechtsanspru\u0308chen erforderlich ist und kein Grund zur Annahme besteht, dass Sie ein u\u0308berwiegendes und schutzwu\u0308rdiges Interesse an der Nichtweitergabe Ihrer Daten haben;<\/li>\n<li>wir zur Weitergabe gema\u0308\u00df Art. 6 Abs.1 lit.c DSGVO gesetzlich verpflichtet sind;<\/li>\n<li>die Weitergabe gema\u0308\u00df Art. 6 Abs.1 lit.b DSGVO fu\u0308r die Abwicklung eines<\/li>\n<\/ul>\n<p>Vertragsverha\u0308ltnisses erforderlich ist.<\/p>\n<p>\u00a7 5 Datenspeicherung involvierten A\u0308rztinnen und A\u0308rzte<\/p>\n<p>Personenbezogene Daten, die Gesundheitsdaten sind, werden von den involvierten A\u0308rztinnen und A\u0308rzten grundsa\u0308tzlich gema\u0308\u00df den gesetzlichen Vorschriften fu\u0308r die Dauer von zehn Jahren nach Abschluss der Untersuchung aufbewahrt.<\/p>\n<p>In besonderen Fa\u0308llen erfolgt eine la\u0308ngere Aufbewahrung als gesetzlich angeordnet, beispielsweise bei der Durchsetzung von Schadensersatz-, Versicherungs- und Rentenanspru\u0308chen, soweit Kenntnis von diesen besteht. Ebenso kann auch Ihr gesundheitlicher Zustand eine u\u0308ber die gesetzlichen Fristen hinausgehende Aufbewahrung erforderlich machen. Da auch Ihre zivilrechtlichen Schadensersatzanspru\u0308che gegen die involvierten A\u0308rztinnen und A\u0308rzte gema\u0308\u00df \u00a7 199 Absatz 2 BGB erst nach 30 Jahren verja\u0308hren, behalten sich die involvierten A\u0308rztinnen und A\u0308rzte gegebenenfalls vor, die Daten, soweit erforderlich, fu\u0308r die Dauer von 30 Jahren aufzubewahren.<\/p>\n<p>\u00a7 6 Betroffenenrechte<\/p>\n<p>Als betroffene Person im Sinne von \u00a7 4 Nr.1 DSGVO stehen Ihnen in der DSGVO geregelte, unabdingbare Rechte zu (sog. Betroffenenrechte). Sie haben daher das Recht<\/p>\n<ul>\n<li>\n<p>gema\u0308\u00df Art. 15 DSGVO Auskunft daru\u0308ber zu verlangen, welche Daten wir von Ihnen gespeichert haben;<\/p>\n<\/li>\n<li>\n<p>gema\u0308\u00df Art. 16 DSGVO unverzu\u0308glich die Berichtigung oder Vervollsta\u0308ndigung der Daten zu verlangen, die wir von Ihnen gespeichert haben;<\/p>\n<\/li>\n<li>\n<p>gema\u0308\u00df Art. 17 DSGVO die Lo\u0308schung der Daten zu verlangen, die wir von Ihnen gespeichert haben, au\u00dfer dem steht ein Fall von Art. 17 Abs.3 DSGVO entgegen;<\/p>\n<\/li>\n<li>\n<p>gema\u0308\u00df Art. 18 DSGVO die Einschra\u0308nkung der Verarbeitung der Daten zu verlangen, die wir von Ihnen gespeichert haben, wenn die Voraussetzungen von Art. 18 Abs.1 lit.a- d DSGVO hierfu\u0308r vorliegen;<\/p>\n<\/li>\n<li>\n<p>gema\u0308\u00df Art. 20 DSGVO die hu\u0308rdenfreie U\u0308bermittlung der Daten zu verlangen, die wir von Ihnen gespeichert haben, und zwar in einem strukturierten, ga\u0308ngigen und maschinenlesbaren Format (z.B. als PDF);<\/p>\n<\/li>\n<li>\n<p>gema\u0308\u00df Art. 21 DSGVO Widerspruch gegen die Verarbeitung Ihrer Daten einzulegen, wenn diese von uns auf der Rechtsgrundlage des Art. 6 Abs.1 lit.f DSGVO verarbeitet werden und sich Ihr Widerspruch aus einer besonderen Situation ergibt oder sich gegen Direktwerbung richtet. Im letzteren Fall ko\u0308nnen Sie auch ohne jeglichen Grund Widerspruch gegen die Verarbeitung einlegen;<\/p>\n<\/li>\n<li>\n<p>gema\u0308\u00df Art. 7 Abs.3 DSGVO Ihre einmal<\/p>\n<\/li>\n<\/ul>\n<p>erteilte Einwilligung in eine Datenverarbeitung zu widerrufen;<\/p>\n<p>gema\u0308\u00df Art. 77 DSGVO Beschwerde bei der zusta\u0308ndigen Aufsichtsbeho\u0308rde einzureichen.<\/p>\n<p>Ihre Anfragen, Widerspru\u0308che oder Widerrufe ko\u0308nnen Sie jederzeit per E-Mail an kontakt@21dx.de oder per Post an Feldbergstra\u00dfe 2B, 81825 Mu\u0308nchen schicken. Bitte haben Sie Versta\u0308ndnis dafu\u0308r, dass wir vor der Lo\u0308schung oder Anpassung Ihrer Daten zuna\u0308chst Ihre Identita\u0308t durch ein hierfu\u0308r geeignetes Verfahren sicherstellen mu\u0308ssen.<\/p>\n<p>\u00a7 7 Speicherort und Einbindung von Dienstleistern<\/p>\n<p>Ihre Daten werden ausschlie\u00dflich in Rechenzentren innerhalb der Europa\u0308ischen Union gespeichert und verarbeitet. Wir behalten uns dabei das Recht vor, uns zur Speicherung und Verarbeitung Ihrer Daten verschiedener Dienstleister zu bedienen, die jedoch ausschlie\u00dflich in unserem Auftrag und gema\u0308\u00df unseren Weisungen ta\u0308tig werden. Wir werden die von uns eingesetzten Dienstleister dazu verpflichten, technische und organisatorische Ma\u00dfnahmen zu ergreifen, die nach dem aktuellen Stand der Technik dazu geeignet sind, eine datenschutzkonforme Verarbeitung Ihrer Daten sicherzustellen. Ihre Daten werden keinesfalls von unseren Dienstleistern an Dritte weitergegeben oder vera\u0308u\u00dfert. Fu\u0308r die Verarbeitung ihrer Daten arbeiten wir insbesondere mit folgenden Dienstleistern zusammen:<\/p>\n<p>Anbieter von Dienstleistungen fu\u0308r IT- Service, Hosting und Infrastruktur:<\/p>\n<p>&#8211; Centogene GmbH (Auftrags- verarbeiter) Legal, Am Strande 7, 18055 Rostock<\/p>\n<p>Dienstleister fu\u0308r Labordienst- leistungen:<\/p>\n<ul>\n<li>\n<p>&#8211; \u00a0Dr. Bauer Laboratoriums GmbH, Am Strande 7, 18055 Rostock<\/p>\n<\/li>\n<li>\n<p>&#8211; \u00a0Dr. Centogene GmbH Legal, Am Strande 7, 18055 Rostock<\/p>\n<p>\u00a7 8 A\u0308nderungen dieser Hinweise<\/p>\n<p>Wir behalten uns das Recht vor, diese Hinweise zur Datenverarbeitung jederzeit mit Wirkung fu\u0308r die Zukunft anzupassen, um auf Gesetzesa\u0308nderungen, A\u0308nderungen der Rechtsprechung oder A\u0308nderungen der wirtschaftlichen Lage zu reagieren. Ihre Betroffenenrechte werden durch eine A\u0308nderung dieser Hinweise zur Datenverarbeitung keinesfalls eingeschra\u0308nkt.<\/p>\n<\/li>\n<\/ul>","protected":false},"excerpt":{"rendered":"<p>Einversta\u0308ndniserkla\u0308rung Abstrich Nasen-Rachen-Raum (Nasopharynx) fu\u0308r Tests zum Nachweis von SARS- CoV-2\/ COVID-19 Ihre Angaben zur Person werden von uns durch die Registrierung \u00fcbernommen. Informationen zur Aktivierung des K\u00e4stchens: Hiermit erteilen Sie uns Ihre ausdru\u0308ckliche Einwilligung zur Durchfu\u0308hrung eines Abstrichs im Nasen-Rachen-Raum (Nasopharynx) mit anschlie\u00dfendem Antigen-Schnelltest und\/ oder PCR-Test zwecks Nachweis einer akuten COVID-19-Erkrankung\/ Infektion mit [&hellip;]<\/p>\n","protected":false},"author":1,"featured_media":0,"parent":0,"menu_order":0,"comment_status":"closed","ping_status":"closed","template":"","meta":{"inline_featured_image":false,"site-sidebar-layout":"no-sidebar","site-content-layout":"page-builder","ast-site-content-layout":"default","site-content-style":"default","site-sidebar-style":"default","ast-global-header-display":"","ast-banner-title-visibility":"","ast-main-header-display":"","ast-hfb-above-header-display":"","ast-hfb-below-header-display":"","ast-hfb-mobile-header-display":"","site-post-title":"disabled","ast-breadcrumbs-content":"","ast-featured-img":"disabled","footer-sml-layout":"","ast-disable-related-posts":"","theme-transparent-header-meta":"","adv-header-id-meta":"","stick-header-meta":"","header-above-stick-meta":"","header-main-stick-meta":"","header-below-stick-meta":"","astra-migrate-meta-layouts":"default","ast-page-background-enabled":"default","ast-page-background-meta":{"desktop":{"background-color":"","background-image":"","background-repeat":"repeat","background-position":"center center","background-size":"auto","background-attachment":"scroll","background-type":"","background-media":"","overlay-type":"","overlay-color":"","overlay-opacity":"","overlay-gradient":""},"tablet":{"background-color":"","background-image":"","background-repeat":"repeat","background-position":"center center","background-size":"auto","background-attachment":"scroll","background-type":"","background-media":"","overlay-type":"","overlay-color":"","overlay-opacity":"","overlay-gradient":""},"mobile":{"background-color":"","background-image":"","background-repeat":"repeat","background-position":"center center","background-size":"auto","background-attachment":"scroll","background-type":"","background-media":"","overlay-type":"","overlay-color":"","overlay-opacity":"","overlay-gradient":""}},"ast-content-background-meta":{"desktop":{"background-color":"var(--ast-global-color-5)","background-image":"","background-repeat":"repeat","background-position":"center center","background-size":"auto","background-attachment":"scroll","background-type":"","background-media":"","overlay-type":"","overlay-color":"","overlay-opacity":"","overlay-gradient":""},"tablet":{"background-color":"var(--ast-global-color-5)","background-image":"","background-repeat":"repeat","background-position":"center center","background-size":"auto","background-attachment":"scroll","background-type":"","background-media":"","overlay-type":"","overlay-color":"","overlay-opacity":"","overlay-gradient":""},"mobile":{"background-color":"var(--ast-global-color-5)","background-image":"","background-repeat":"repeat","background-position":"center center","background-size":"auto","background-attachment":"scroll","background-type":"","background-media":"","overlay-type":"","overlay-color":"","overlay-opacity":"","overlay-gradient":""}},"footnotes":""},"class_list":["post-846","page","type-page","status-publish","hentry"],"yoast_head":"<!-- This site is optimized with the Yoast SEO plugin v27.4 - https:\/\/yoast.com\/product\/yoast-seo-wordpress\/ -->\n<title>Einverst\u00e4ndniserkl\u00e4rung - Covid-19 Testzentrum Kudamm<\/title>\n<meta name=\"robots\" content=\"index, follow, max-snippet:-1, max-image-preview:large, max-video-preview:-1\" \/>\n<link rel=\"canonical\" href=\"https:\/\/kudammtest.de\/en\/einverstaendniserklaerung\/\" \/>\n<meta property=\"og:locale\" content=\"en_US\" \/>\n<meta property=\"og:type\" content=\"article\" \/>\n<meta property=\"og:title\" content=\"Einverst\u00e4ndniserkl\u00e4rung - Covid-19 Testzentrum Kudamm\" \/>\n<meta property=\"og:description\" content=\"Einversta\u0308ndniserkla\u0308rung Abstrich Nasen-Rachen-Raum (Nasopharynx) fu\u0308r Tests zum Nachweis von SARS- CoV-2\/ COVID-19 Ihre Angaben zur Person werden von uns durch die Registrierung \u00fcbernommen. Informationen zur Aktivierung des K\u00e4stchens: Hiermit erteilen Sie uns Ihre ausdru\u0308ckliche Einwilligung zur Durchfu\u0308hrung eines Abstrichs im Nasen-Rachen-Raum (Nasopharynx) mit anschlie\u00dfendem Antigen-Schnelltest und\/ oder PCR-Test zwecks Nachweis einer akuten COVID-19-Erkrankung\/ Infektion mit [&hellip;]\" \/>\n<meta property=\"og:url\" content=\"https:\/\/kudammtest.de\/en\/einverstaendniserklaerung\/\" \/>\n<meta property=\"og:site_name\" content=\"Covid-19 Testzentrum Kudamm\" \/>\n<meta property=\"article:modified_time\" content=\"2021-04-13T00:36:43+00:00\" \/>\n<meta name=\"twitter:card\" content=\"summary_large_image\" \/>\n<meta name=\"twitter:label1\" content=\"Est. reading time\" \/>\n\t<meta name=\"twitter:data1\" content=\"7 minutes\" \/>\n<script type=\"application\/ld+json\" class=\"yoast-schema-graph\">{\"@context\":\"https:\\\/\\\/schema.org\",\"@graph\":[{\"@type\":\"WebPage\",\"@id\":\"https:\\\/\\\/kudammtest.de\\\/einverstaendniserklaerung\",\"url\":\"https:\\\/\\\/kudammtest.de\\\/einverstaendniserklaerung\",\"name\":\"Einverst\u00e4ndniserkl\u00e4rung - Covid-19 Testzentrum Kudamm\",\"isPartOf\":{\"@id\":\"https:\\\/\\\/kudammtest.de\\\/#website\"},\"datePublished\":\"2021-04-13T00:16:42+00:00\",\"dateModified\":\"2021-04-13T00:36:43+00:00\",\"breadcrumb\":{\"@id\":\"https:\\\/\\\/kudammtest.de\\\/einverstaendniserklaerung#breadcrumb\"},\"inLanguage\":\"en-US\",\"potentialAction\":[{\"@type\":\"ReadAction\",\"target\":[\"https:\\\/\\\/kudammtest.de\\\/einverstaendniserklaerung\"]}]},{\"@type\":\"BreadcrumbList\",\"@id\":\"https:\\\/\\\/kudammtest.de\\\/einverstaendniserklaerung#breadcrumb\",\"itemListElement\":[{\"@type\":\"ListItem\",\"position\":1,\"name\":\"Startseite\",\"item\":\"https:\\\/\\\/kudammtest.de\\\/\"},{\"@type\":\"ListItem\",\"position\":2,\"name\":\"Einverst\u00e4ndniserkl\u00e4rung\"}]},{\"@type\":\"WebSite\",\"@id\":\"https:\\\/\\\/kudammtest.de\\\/#website\",\"url\":\"https:\\\/\\\/kudammtest.de\\\/\",\"name\":\"Covid-19 Testzentrum Kudamm\",\"description\":\"\",\"publisher\":{\"@id\":\"https:\\\/\\\/kudammtest.de\\\/#organization\"},\"potentialAction\":[{\"@type\":\"SearchAction\",\"target\":{\"@type\":\"EntryPoint\",\"urlTemplate\":\"https:\\\/\\\/kudammtest.de\\\/?s={search_term_string}\"},\"query-input\":{\"@type\":\"PropertyValueSpecification\",\"valueRequired\":true,\"valueName\":\"search_term_string\"}}],\"inLanguage\":\"en-US\"},{\"@type\":\"Organization\",\"@id\":\"https:\\\/\\\/kudammtest.de\\\/#organization\",\"name\":\"Kudamm Test GmbH\",\"url\":\"https:\\\/\\\/kudammtest.de\\\/\",\"logo\":{\"@type\":\"ImageObject\",\"inLanguage\":\"en-US\",\"@id\":\"https:\\\/\\\/kudammtest.de\\\/#\\\/schema\\\/logo\\\/image\\\/\",\"url\":\"https:\\\/\\\/kudammtest.de\\\/wp-content\\\/uploads\\\/2021\\\/04\\\/kudammtest.png\",\"contentUrl\":\"https:\\\/\\\/kudammtest.de\\\/wp-content\\\/uploads\\\/2021\\\/04\\\/kudammtest.png\",\"width\":1762,\"height\":267,\"caption\":\"Kudamm Test GmbH\"},\"image\":{\"@id\":\"https:\\\/\\\/kudammtest.de\\\/#\\\/schema\\\/logo\\\/image\\\/\"}}]}<\/script>\n<!-- \/ Yoast SEO plugin. -->","yoast_head_json":{"title":"Einverst\u00e4ndniserkl\u00e4rung - Covid-19 Testzentrum Kudamm","robots":{"index":"index","follow":"follow","max-snippet":"max-snippet:-1","max-image-preview":"max-image-preview:large","max-video-preview":"max-video-preview:-1"},"canonical":"https:\/\/kudammtest.de\/en\/einverstaendniserklaerung\/","og_locale":"en_US","og_type":"article","og_title":"Einverst\u00e4ndniserkl\u00e4rung - Covid-19 Testzentrum Kudamm","og_description":"Einversta\u0308ndniserkla\u0308rung Abstrich Nasen-Rachen-Raum (Nasopharynx) fu\u0308r Tests zum Nachweis von SARS- CoV-2\/ COVID-19 Ihre Angaben zur Person werden von uns durch die Registrierung \u00fcbernommen. Informationen zur Aktivierung des K\u00e4stchens: Hiermit erteilen Sie uns Ihre ausdru\u0308ckliche Einwilligung zur Durchfu\u0308hrung eines Abstrichs im Nasen-Rachen-Raum (Nasopharynx) mit anschlie\u00dfendem Antigen-Schnelltest und\/ oder PCR-Test zwecks Nachweis einer akuten COVID-19-Erkrankung\/ Infektion mit [&hellip;]","og_url":"https:\/\/kudammtest.de\/en\/einverstaendniserklaerung\/","og_site_name":"Covid-19 Testzentrum Kudamm","article_modified_time":"2021-04-13T00:36:43+00:00","twitter_card":"summary_large_image","twitter_misc":{"Est. reading time":"7 minutes"},"schema":{"@context":"https:\/\/schema.org","@graph":[{"@type":"WebPage","@id":"https:\/\/kudammtest.de\/einverstaendniserklaerung","url":"https:\/\/kudammtest.de\/einverstaendniserklaerung","name":"Einverst\u00e4ndniserkl\u00e4rung - Covid-19 Testzentrum Kudamm","isPartOf":{"@id":"https:\/\/kudammtest.de\/#website"},"datePublished":"2021-04-13T00:16:42+00:00","dateModified":"2021-04-13T00:36:43+00:00","breadcrumb":{"@id":"https:\/\/kudammtest.de\/einverstaendniserklaerung#breadcrumb"},"inLanguage":"en-US","potentialAction":[{"@type":"ReadAction","target":["https:\/\/kudammtest.de\/einverstaendniserklaerung"]}]},{"@type":"BreadcrumbList","@id":"https:\/\/kudammtest.de\/einverstaendniserklaerung#breadcrumb","itemListElement":[{"@type":"ListItem","position":1,"name":"Startseite","item":"https:\/\/kudammtest.de\/"},{"@type":"ListItem","position":2,"name":"Einverst\u00e4ndniserkl\u00e4rung"}]},{"@type":"WebSite","@id":"https:\/\/kudammtest.de\/#website","url":"https:\/\/kudammtest.de\/","name":"Covid-19 Testzentrum Kudamm","description":"","publisher":{"@id":"https:\/\/kudammtest.de\/#organization"},"potentialAction":[{"@type":"SearchAction","target":{"@type":"EntryPoint","urlTemplate":"https:\/\/kudammtest.de\/?s={search_term_string}"},"query-input":{"@type":"PropertyValueSpecification","valueRequired":true,"valueName":"search_term_string"}}],"inLanguage":"en-US"},{"@type":"Organization","@id":"https:\/\/kudammtest.de\/#organization","name":"Kudamm Test GmbH","url":"https:\/\/kudammtest.de\/","logo":{"@type":"ImageObject","inLanguage":"en-US","@id":"https:\/\/kudammtest.de\/#\/schema\/logo\/image\/","url":"https:\/\/kudammtest.de\/wp-content\/uploads\/2021\/04\/kudammtest.png","contentUrl":"https:\/\/kudammtest.de\/wp-content\/uploads\/2021\/04\/kudammtest.png","width":1762,"height":267,"caption":"Kudamm Test GmbH"},"image":{"@id":"https:\/\/kudammtest.de\/#\/schema\/logo\/image\/"}}]}},"_links":{"self":[{"href":"https:\/\/kudammtest.de\/en\/wp-json\/wp\/v2\/pages\/846","targetHints":{"allow":["GET"]}}],"collection":[{"href":"https:\/\/kudammtest.de\/en\/wp-json\/wp\/v2\/pages"}],"about":[{"href":"https:\/\/kudammtest.de\/en\/wp-json\/wp\/v2\/types\/page"}],"author":[{"embeddable":true,"href":"https:\/\/kudammtest.de\/en\/wp-json\/wp\/v2\/users\/1"}],"replies":[{"embeddable":true,"href":"https:\/\/kudammtest.de\/en\/wp-json\/wp\/v2\/comments?post=846"}],"version-history":[{"count":0,"href":"https:\/\/kudammtest.de\/en\/wp-json\/wp\/v2\/pages\/846\/revisions"}],"wp:attachment":[{"href":"https:\/\/kudammtest.de\/en\/wp-json\/wp\/v2\/media?parent=846"}],"curies":[{"name":"wp","href":"https:\/\/api.w.org\/{rel}","templated":true}]}}